{"id":32269,"date":"2023-09-13T10:11:30","date_gmt":"2023-09-13T08:11:30","guid":{"rendered":"https:\/\/gaialit.com\/product\/organic-crew-neck-w-blue-fog\/"},"modified":"2024-06-27T17:00:08","modified_gmt":"2024-06-27T15:00:08","slug":"organic-crew-neck-w-blue-fog","status":"publish","type":"product","link":"https:\/\/gaialit.com\/sl\/product\/organic-crew-neck-w-blue-fog\/","title":{"rendered":"Organic Crew Neck W BLUE FOG"},"content":{"rendered":"<p><img decoding=\"async\" class=\"alignleft  wp-image-27657\" src=\"https:\/\/gaialit.com\/wp-content\/uploads\/2019\/04\/znaki-pranje-300x60.png\" alt=\"\" width=\"150\" height=\"30\" srcset=\"https:\/\/gaialit.com\/wp-content\/uploads\/2019\/04\/znaki-pranje-300x60.png 300w, https:\/\/gaialit.com\/wp-content\/uploads\/2019\/04\/znaki-pranje-768x154.png 768w, https:\/\/gaialit.com\/wp-content\/uploads\/2019\/04\/znaki-pranje.png 1000w, https:\/\/gaialit.com\/wp-content\/uploads\/2019\/04\/znaki-pranje-600x120.png 600w\" sizes=\"(max-width: 150px) 100vw, 150px\" \/><\/p>\r\n<p><strong><br \/><br \/>Material:<\/strong>\u00a080% predkr\u010den \u010desan vija\u010dno preden Organski bomba\u017e z OCS certifikatom, 20% recikliran poliester<\/p>\r\n<p><strong>Barva:<\/strong>\u00a0soft rose, sage, blue fog<\/p>\r\n<p><strong>Gramatura:<\/strong>\u00a0280 g \/ m2.<\/p>\r\n<p>Za podrobnosti o po\u0161tnini kliknite <a href=\"https:\/\/gaialit.com\/postnina\/\" target=\"_blank\" rel=\"noopener\">tukaj<\/a>.<\/p>\r\n<p><!DOCTYPE html>\r\n<html>\r\n<head>\r\n<meta name=\"viewport\" content=\"width=device-width, initial-scale=1\">\r\n<style>\r\n.accordion {\r\n  background-color: #eee;\r\n  color: #444;\r\n  cursor: pointer;\r\n  padding: 18px;\r\n  width: 100%;\r\n  border: none;\r\n  text-align: left;\r\n  outline: none;\r\n  font-size: 15px;\r\n  transition: 0.4s;\r\n}\r\n\r\n.active, .accordion:hover {\r\n  background-color: #ccc; \r\n}\r\n\r\n.panel {\r\n  padding: 0 18px;\r\n  display: none;\r\n  background-color: white;\r\n  overflow: hidden;\r\n}\r\n<\/style>\r\n<\/head>\r\n<body>\r\n<br>\r\n<h2>Pogoji in uporaba<\/h2>\r\n\r\n<button class=\"accordion\">Vra\u010dila in odgovornosti strank<\/button>\r\n<div class=\"panel\">\r\n  <p>Vra\u010dila\r\n\r\nKer so izdelki natisnjeni na zahtevo in prilagojeni va\u0161i velikosti, barvi in simbolu, ne ponujamo vra\u010dila ali zamenjave, razen \u010de je izdelek napa\u010dno natisnjen in\/ali po\u0161kodovan. V tem primeru nas o tem obvestite v 5 dneh po prejemu izdelka, mi pa bomo poskrbeli za nadomestno naro\u010dilo.\r\n\r\n\r\nOdgovornost strank\r\n\r\nKer so naro\u010deni izdelki prilagojeni to\u010dno vam in natisnjeni na va\u0161o zahtevo, vas prosimo, da pred naro\u010dilom skrbno preverite va\u0161e naro\u010dilo. \u0160e posebej preverite velikost obla\u010dila v tabeli velikosti, ki jo najdete na strani pod opisom. Prav tako si natan\u010dno preberite sam opis izdelka.  Po oddaji naro\u010dila, le tega ni mogo\u010de spremeniti, v primeru va\u0161e napake pa vam kupnine ne moremo vrniti. \r\n\r\n\r\nPrav tako vam kupnine ne moremo vrniti, \u010de nam posredujete napa\u010den naslov za dostavo ali druge podatke, ki bi bili napa\u010dni in bi vplivali, da va\u0161e naro\u010dilo ni dostavljeno na va\u0161 naslov. Izdelek vedno po\u0161ljemo na naslov za dostavo, ki ga navedete ob naro\u010dilu.\r\n\r\nHvala za razumevanje!<\/p>\r\n<\/div>\r\n\r\n<button class=\"accordion\">Navodila za pranje<\/button>\r\n<div class=\"panel\">\r\n  <p>Da bi ohranili dolgo \u017eivljenjsko dobo va\u0161ih obla\u010dil, jih perite na 30 \u00b0C, in sicer na notranji strani s podobnimi barvami. Na\u0161a obla\u010dila so izdelana iz najkakovostnej\u0161ega organskega bomba\u017ea, zato si za bolj\u0161o nego preberite tudi vsa navodila na etiketah izdelka. Pomembno: Natisnjenega obmo\u010dja ne likajte in obla\u010dila ne su\u0161ite v su\u0161ilnem stroju. Opranih in rabljenih obla\u010dil ne sprejemamo v vra\u010dilo. \r\n\r\n\r\nVa\u0161e zadovoljstvo nam veliko pomeni\r\n\r\n\u017delimo si, da boste z naro\u010dilom zadovoljni. \u010ce imate kakr\u0161nakoli vpra\u0161anja, se obrnite na nas, z veseljem smo vam na voljo za pomo\u010d.<\/p>\r\n<\/div>\r\n\r\n<button class=\"accordion\">Stro\u0161ki dostave in pogoji<\/button>\r\n<div class=\"panel\">\r\n  <p>Stro\u0161ki dostave so prikazani ob va\u0161em naro\u010dilu, ko izberete dr\u017eavo dostave. V katere dr\u017eave je mo\u017ena dostava, si oglejte <a href=\"https:\/\/gaialit.com\/postnina\/\">tukaj<\/a>. \r\n\r\nZa pakete, izgubljene med prevozom, je treba vse zahtevke vlo\u017eiti najpozneje 5 dni po predvidenem datumu dostave.\r\n\r\nKer so na\u0161i izdelki natisnjeni na zahtevo, lahko pride do kraj\u0161ega \u010dasovnega zamika, preden vam bo izdelek poslan. Tiskanje izdelkov traja od 2 do 7 delovnih dni. Predvideni \u010das dostave za ve\u010dino evropskih dr\u017eav je 3-7 dni, Avstrija 1-2 dni, do dr\u017eav zunaj EU, vklju\u010dno z ZDA, 4-5 delovnih dni.\r\n\r\nOPOMBA: \u010ce je va\u0161 nakup poslan kot darilo, pustite naslov za dostavo in \u017eeleno sporo\u010dilo, mi pa vam bomo pomagali, da boste prijetno presenetili nekoga, ki ga imate radi. Med pla\u010dilom preverite, ali je naslov za dostavo pravilen. Va\u0161 paket bomo poslali na naslov, naveden v va\u0161em nakupu ali naveden v va\u0161em e-po\u0161tnem naro\u010dilu.<\/p>\r\n<\/div>\r\n\r\n<script>\r\nvar acc = document.getElementsByClassName(\"accordion\");\r\nvar i;\r\n\r\nfor (i = 0; i < acc.length; i++) {\r\n  acc[i].addEventListener(\"click\", function() {\r\n    this.classList.toggle(\"active\");\r\n    var panel = this.nextElementSibling;\r\n    if (panel.style.display === \"block\") {\r\n      panel.style.display = \"none\";\r\n    } else {\r\n      panel.style.display = \"block\";\r\n    }\r\n  });\r\n}\r\n<\/script>\r\n\r\n<\/body>\r\n<\/html>\r\n<\/p>\r\n<p>&nbsp;<\/p>\r\n<p>&nbsp;<\/p>\n","protected":false},"excerpt":{"rendered":"[sc name=\"dolgi_opis_sweat_sl\"][\/sc]\n","protected":false},"featured_media":32151,"template":"","meta":{"site-sidebar-layout":"default","site-content-layout":"","ast-site-content-layout":"default","site-content-style":"default","site-sidebar-style":"default","ast-global-header-display":"","ast-banner-title-visibility":"","ast-main-header-display":"","ast-hfb-above-header-display":"","ast-hfb-below-header-display":"","ast-hfb-mobile-header-display":"","site-post-title":"","ast-breadcrumbs-content":"","ast-featured-img":"","footer-sml-layout":"","ast-disable-related-posts":"","theme-transparent-header-meta":"default","adv-header-id-meta":"","stick-header-meta":"default","header-above-stick-meta":"","header-main-stick-meta":"","header-below-stick-meta":"","astra-migrate-meta-layouts":"default","ast-page-background-enabled":"default","ast-page-background-meta":{"desktop":{"background-color":"","background-image":"","background-repeat":"repeat","background-position":"center center","background-size":"auto","background-attachment":"scroll","background-type":"","background-media":"","overlay-type":"","overlay-color":"","overlay-opacity":"","overlay-gradient":""},"tablet":{"background-color":"","background-image":"","background-repeat":"repeat","background-position":"center center","background-size":"auto","background-attachment":"scroll","background-type":"","background-media":"","overlay-type":"","overlay-color":"","overlay-opacity":"","overlay-gradient":""},"mobile":{"background-color":"","background-image":"","background-repeat":"repeat","background-position":"center center","background-size":"auto","background-attachment":"scroll","background-type":"","background-media":"","overlay-type":"","overlay-color":"","overlay-opacity":"","overlay-gradient":""}},"ast-content-background-meta":{"desktop":{"background-color":"var(--ast-global-color-5)","background-image":"","background-repeat":"repeat","background-position":"center center","background-size":"auto","background-attachment":"scroll","background-type":"","background-media":"","overlay-type":"","overlay-color":"","overlay-opacity":"","overlay-gradient":""},"tablet":{"background-color":"var(--ast-global-color-5)","background-image":"","background-repeat":"repeat","background-position":"center center","background-size":"auto","background-attachment":"scroll","background-type":"","background-media":"","overlay-type":"","overlay-color":"","overlay-opacity":"","overlay-gradient":""},"mobile":{"background-color":"var(--ast-global-color-5)","background-image":"","background-repeat":"repeat","background-position":"center center","background-size":"auto","background-attachment":"scroll","background-type":"","background-media":"","overlay-type":"","overlay-color":"","overlay-opacity":"","overlay-gradient":""}}},"product_brand":[],"product_cat":[169,180,229],"product_tag":[],"class_list":{"0":"post-32269","1":"product","2":"type-product","3":"status-publish","4":"has-post-thumbnail","6":"product_cat-oblacila","7":"product_cat-vsi-izdelki","8":"product_cat-zenski-pulovri","9":"desktop-align-center","10":"tablet-align-center","11":"mobile-align-center","12":"ast-product-gallery-layout-horizontal-slider","13":"ast-product-single-variable","14":"ast-product-tabs-layout-horizontal","16":"first","17":"instock","18":"shipping-taxable","19":"purchasable","20":"product-type-variable"},"yoast_head":"<!-- This site is optimized with the Yoast SEO plugin v27.4 - https:\/\/yoast.com\/product\/yoast-seo-wordpress\/ -->\n<title>Organic Crew Neck W BLUE FOG - Gaialit<\/title>\n<meta name=\"robots\" content=\"index, follow, max-snippet:-1, max-image-preview:large, max-video-preview:-1\" \/>\n<link rel=\"canonical\" href=\"https:\/\/gaialit.com\/sl\/product\/organic-crew-neck-w-blue-fog\/\" \/>\n<meta property=\"og:locale\" content=\"sl_SI\" \/>\n<meta property=\"og:type\" content=\"article\" \/>\n<meta property=\"og:title\" content=\"Organic Crew Neck W BLUE FOG - Gaialit\" \/>\n<meta property=\"og:url\" content=\"https:\/\/gaialit.com\/sl\/product\/organic-crew-neck-w-blue-fog\/\" \/>\n<meta property=\"og:site_name\" content=\"Gaialit\" \/>\n<meta property=\"article:modified_time\" content=\"2024-06-27T15:00:08+00:00\" \/>\n<meta property=\"og:image\" content=\"https:\/\/gaialit.com\/wp-content\/uploads\/2023\/09\/Sweat-W-Front-BlueFog_1-symbol.png\" \/>\n\t<meta property=\"og:image:width\" content=\"480\" \/>\n\t<meta property=\"og:image:height\" content=\"480\" \/>\n\t<meta property=\"og:image:type\" content=\"image\/png\" \/>\n<meta name=\"twitter:card\" content=\"summary_large_image\" \/>\n<meta name=\"twitter:description\" content=\"[sc name=&quot;dolgi_opis_sweat_sl&quot;][\/sc]\" \/>\n<script type=\"application\/ld+json\" class=\"yoast-schema-graph\">{\"@context\":\"https:\\\/\\\/schema.org\",\"@graph\":[{\"@type\":\"WebPage\",\"@id\":\"https:\\\/\\\/gaialit.com\\\/sl\\\/product\\\/organic-crew-neck-w-blue-fog\\\/\",\"url\":\"https:\\\/\\\/gaialit.com\\\/sl\\\/product\\\/organic-crew-neck-w-blue-fog\\\/\",\"name\":\"Organic Crew Neck W BLUE FOG - Gaialit\",\"isPartOf\":{\"@id\":\"https:\\\/\\\/gaialit.com\\\/#website\"},\"primaryImageOfPage\":{\"@id\":\"https:\\\/\\\/gaialit.com\\\/sl\\\/product\\\/organic-crew-neck-w-blue-fog\\\/#primaryimage\"},\"image\":{\"@id\":\"https:\\\/\\\/gaialit.com\\\/sl\\\/product\\\/organic-crew-neck-w-blue-fog\\\/#primaryimage\"},\"thumbnailUrl\":\"https:\\\/\\\/gaialit.com\\\/wp-content\\\/uploads\\\/2023\\\/09\\\/Sweat-W-Front-BlueFog_1-symbol.png\",\"datePublished\":\"2023-09-13T08:11:30+00:00\",\"dateModified\":\"2024-06-27T15:00:08+00:00\",\"breadcrumb\":{\"@id\":\"https:\\\/\\\/gaialit.com\\\/sl\\\/product\\\/organic-crew-neck-w-blue-fog\\\/#breadcrumb\"},\"inLanguage\":\"sl-SI\",\"potentialAction\":[{\"@type\":\"ReadAction\",\"target\":[\"https:\\\/\\\/gaialit.com\\\/sl\\\/product\\\/organic-crew-neck-w-blue-fog\\\/\"]}]},{\"@type\":\"ImageObject\",\"inLanguage\":\"sl-SI\",\"@id\":\"https:\\\/\\\/gaialit.com\\\/sl\\\/product\\\/organic-crew-neck-w-blue-fog\\\/#primaryimage\",\"url\":\"https:\\\/\\\/gaialit.com\\\/wp-content\\\/uploads\\\/2023\\\/09\\\/Sweat-W-Front-BlueFog_1-symbol.png\",\"contentUrl\":\"https:\\\/\\\/gaialit.com\\\/wp-content\\\/uploads\\\/2023\\\/09\\\/Sweat-W-Front-BlueFog_1-symbol.png\",\"width\":480,\"height\":480},{\"@type\":\"BreadcrumbList\",\"@id\":\"https:\\\/\\\/gaialit.com\\\/sl\\\/product\\\/organic-crew-neck-w-blue-fog\\\/#breadcrumb\",\"itemListElement\":[{\"@type\":\"ListItem\",\"position\":1,\"name\":\"Domov\",\"item\":\"https:\\\/\\\/gaialit.com\\\/\"},{\"@type\":\"ListItem\",\"position\":2,\"name\":\"Trgovina\",\"item\":\"https:\\\/\\\/gaialit.com\\\/shop-2\\\/\"},{\"@type\":\"ListItem\",\"position\":3,\"name\":\"Organic Crew Neck W BLUE FOG\"}]},{\"@type\":\"WebSite\",\"@id\":\"https:\\\/\\\/gaialit.com\\\/#website\",\"url\":\"https:\\\/\\\/gaialit.com\\\/\",\"name\":\"Gaialit\",\"description\":\"personalised gaialit stones, personal growth | Strong connection, earth energies\",\"publisher\":{\"@id\":\"https:\\\/\\\/gaialit.com\\\/#organization\"},\"potentialAction\":[{\"@type\":\"SearchAction\",\"target\":{\"@type\":\"EntryPoint\",\"urlTemplate\":\"https:\\\/\\\/gaialit.com\\\/?s={search_term_string}\"},\"query-input\":{\"@type\":\"PropertyValueSpecification\",\"valueRequired\":true,\"valueName\":\"search_term_string\"}}],\"inLanguage\":\"sl-SI\"},{\"@type\":\"Organization\",\"@id\":\"https:\\\/\\\/gaialit.com\\\/#organization\",\"name\":\"Gaialit\",\"url\":\"https:\\\/\\\/gaialit.com\\\/\",\"logo\":{\"@type\":\"ImageObject\",\"inLanguage\":\"sl-SI\",\"@id\":\"https:\\\/\\\/gaialit.com\\\/#\\\/schema\\\/logo\\\/image\\\/\",\"url\":\"https:\\\/\\\/gaialit.com\\\/wp-content\\\/uploads\\\/2022\\\/03\\\/Gaialit-logo-new.png\",\"contentUrl\":\"https:\\\/\\\/gaialit.com\\\/wp-content\\\/uploads\\\/2022\\\/03\\\/Gaialit-logo-new.png\",\"width\":1339,\"height\":418,\"caption\":\"Gaialit\"},\"image\":{\"@id\":\"https:\\\/\\\/gaialit.com\\\/#\\\/schema\\\/logo\\\/image\\\/\"}}]}<\/script>\n<!-- \/ Yoast SEO plugin. -->","yoast_head_json":{"title":"Organic Crew Neck W BLUE FOG - Gaialit","robots":{"index":"index","follow":"follow","max-snippet":"max-snippet:-1","max-image-preview":"max-image-preview:large","max-video-preview":"max-video-preview:-1"},"canonical":"https:\/\/gaialit.com\/sl\/product\/organic-crew-neck-w-blue-fog\/","og_locale":"sl_SI","og_type":"article","og_title":"Organic Crew Neck W BLUE FOG - Gaialit","og_url":"https:\/\/gaialit.com\/sl\/product\/organic-crew-neck-w-blue-fog\/","og_site_name":"Gaialit","article_modified_time":"2024-06-27T15:00:08+00:00","og_image":[{"width":480,"height":480,"url":"https:\/\/gaialit.com\/wp-content\/uploads\/2023\/09\/Sweat-W-Front-BlueFog_1-symbol.png","type":"image\/png"}],"twitter_card":"summary_large_image","twitter_description":"[sc name=\"dolgi_opis_sweat_sl\"][\/sc]","schema":{"@context":"https:\/\/schema.org","@graph":[{"@type":"WebPage","@id":"https:\/\/gaialit.com\/sl\/product\/organic-crew-neck-w-blue-fog\/","url":"https:\/\/gaialit.com\/sl\/product\/organic-crew-neck-w-blue-fog\/","name":"Organic Crew Neck W BLUE FOG - Gaialit","isPartOf":{"@id":"https:\/\/gaialit.com\/#website"},"primaryImageOfPage":{"@id":"https:\/\/gaialit.com\/sl\/product\/organic-crew-neck-w-blue-fog\/#primaryimage"},"image":{"@id":"https:\/\/gaialit.com\/sl\/product\/organic-crew-neck-w-blue-fog\/#primaryimage"},"thumbnailUrl":"https:\/\/gaialit.com\/wp-content\/uploads\/2023\/09\/Sweat-W-Front-BlueFog_1-symbol.png","datePublished":"2023-09-13T08:11:30+00:00","dateModified":"2024-06-27T15:00:08+00:00","breadcrumb":{"@id":"https:\/\/gaialit.com\/sl\/product\/organic-crew-neck-w-blue-fog\/#breadcrumb"},"inLanguage":"sl-SI","potentialAction":[{"@type":"ReadAction","target":["https:\/\/gaialit.com\/sl\/product\/organic-crew-neck-w-blue-fog\/"]}]},{"@type":"ImageObject","inLanguage":"sl-SI","@id":"https:\/\/gaialit.com\/sl\/product\/organic-crew-neck-w-blue-fog\/#primaryimage","url":"https:\/\/gaialit.com\/wp-content\/uploads\/2023\/09\/Sweat-W-Front-BlueFog_1-symbol.png","contentUrl":"https:\/\/gaialit.com\/wp-content\/uploads\/2023\/09\/Sweat-W-Front-BlueFog_1-symbol.png","width":480,"height":480},{"@type":"BreadcrumbList","@id":"https:\/\/gaialit.com\/sl\/product\/organic-crew-neck-w-blue-fog\/#breadcrumb","itemListElement":[{"@type":"ListItem","position":1,"name":"Domov","item":"https:\/\/gaialit.com\/"},{"@type":"ListItem","position":2,"name":"Trgovina","item":"https:\/\/gaialit.com\/shop-2\/"},{"@type":"ListItem","position":3,"name":"Organic Crew Neck W BLUE FOG"}]},{"@type":"WebSite","@id":"https:\/\/gaialit.com\/#website","url":"https:\/\/gaialit.com\/","name":"Gaialit","description":"personalised gaialit stones, personal growth | Strong connection, earth energies","publisher":{"@id":"https:\/\/gaialit.com\/#organization"},"potentialAction":[{"@type":"SearchAction","target":{"@type":"EntryPoint","urlTemplate":"https:\/\/gaialit.com\/?s={search_term_string}"},"query-input":{"@type":"PropertyValueSpecification","valueRequired":true,"valueName":"search_term_string"}}],"inLanguage":"sl-SI"},{"@type":"Organization","@id":"https:\/\/gaialit.com\/#organization","name":"Gaialit","url":"https:\/\/gaialit.com\/","logo":{"@type":"ImageObject","inLanguage":"sl-SI","@id":"https:\/\/gaialit.com\/#\/schema\/logo\/image\/","url":"https:\/\/gaialit.com\/wp-content\/uploads\/2022\/03\/Gaialit-logo-new.png","contentUrl":"https:\/\/gaialit.com\/wp-content\/uploads\/2022\/03\/Gaialit-logo-new.png","width":1339,"height":418,"caption":"Gaialit"},"image":{"@id":"https:\/\/gaialit.com\/#\/schema\/logo\/image\/"}}]}},"_links":{"self":[{"href":"https:\/\/gaialit.com\/sl\/wp-json\/wp\/v2\/product\/32269","targetHints":{"allow":["GET"]}}],"collection":[{"href":"https:\/\/gaialit.com\/sl\/wp-json\/wp\/v2\/product"}],"about":[{"href":"https:\/\/gaialit.com\/sl\/wp-json\/wp\/v2\/types\/product"}],"wp:featuredmedia":[{"embeddable":true,"href":"https:\/\/gaialit.com\/sl\/wp-json\/wp\/v2\/media\/32151"}],"wp:attachment":[{"href":"https:\/\/gaialit.com\/sl\/wp-json\/wp\/v2\/media?parent=32269"}],"wp:term":[{"taxonomy":"product_brand","embeddable":true,"href":"https:\/\/gaialit.com\/sl\/wp-json\/wp\/v2\/product_brand?post=32269"},{"taxonomy":"product_cat","embeddable":true,"href":"https:\/\/gaialit.com\/sl\/wp-json\/wp\/v2\/product_cat?post=32269"},{"taxonomy":"product_tag","embeddable":true,"href":"https:\/\/gaialit.com\/sl\/wp-json\/wp\/v2\/product_tag?post=32269"}],"curies":[{"name":"wp","href":"https:\/\/api.w.org\/{rel}","templated":true}]}}