{"id":23639,"date":"2020-10-17T13:25:37","date_gmt":"2020-10-17T12:25:37","guid":{"rendered":"https:\/\/gaialit.com\/product\/gaialit-stone-firewalk-2\/"},"modified":"2022-04-13T17:26:29","modified_gmt":"2022-04-13T15:26:29","slug":"gaialit-hoja-po-zerjavici-ogenj","status":"publish","type":"product","link":"https:\/\/gaialit.com\/sl\/product\/gaialit-hoja-po-zerjavici-ogenj\/","title":{"rendered":"Gaialit &#8211; Ritual Hoja po \u017eerjavici"},"content":{"rendered":"<p><strong>GAIALIT<\/strong> je prodnik z ro\u010dno naslikanim unikatnim simbolom elementarnih sil, ki so ga soustvarjale <strong>(zemlja, voda, ogenj, zrak).<\/strong> Njegov namen je podpreti posameznika pri ponovni povezavi z naravo, z Gaio &#8211; Materjo Zemljo.<\/p>\n<p><strong>Vsak Gaialit je edinstven. Kamen in avtor komunicirata na subtilni ravni, dokler simbol ne ustreza energiji kamna. Ne glede na to, kako ga uporabljate, bo Gaialit vedno pozitivno iz\u017eareval izbrano energijo dolo\u010denega elementa za vas.<\/strong><\/p>\n<ul>\n<li>RO\u010cNO DELO, unikat, ro\u010dno poslikan kamen, energijsko orodje.<\/li>\n<li>Element: ZEMLJA<\/li>\n<li>Materiali: akrilna barva, naravna olja, kamen.<\/li>\n<\/ul>\n<p style=\"text-align: justify;\"><b>MOTIV \u00a0| <\/b>\u00a0<strong>HOJA PO \u017dERJAVICI<\/strong><\/p>\n<p>Simbol predstavlja <strong>ritual poguma<\/strong>, ki se izvaja v mnogih kulturah. Prikazuje ognjene duhove v sodelovanju s \u010dlovekovo namero, da izvede osebni ritual obvladovanja strahu. Izvajajo ga \u0161tevilne kulture na razli\u010dnih koncih sveta, pri \u010demer najzgodnej\u0161a referenca izvira iz \u017eelezne dobe. <strong>Namen hoje preko \u017eare\u010dega oglja je simboli\u010dno iz\u017egati staro, da se ustvari prostor za novo energijo.<\/strong> Hoja po \u017eerjavici je <strong>simboli\u010dna izku\u0161nja<\/strong>, ki zahteva samoiniciacijo v pogum, da bi lahko \u0161li skozi ogenj spremembe. Ta izku\u0161nja nam lahko pomaga, da se spoprimemo z vsemi \u017eivljenjskimi izzivi.<\/p>\n<p><strong>OPOMBA OB NARO\u010cILU GAIALITA:<\/strong><\/p>\n<p><strong>Kljub temu, da bosta oblika in energija podobni simbolu na sliki, simbol ne bo enak, saj bo na drugem kamnu, ki bo zahteval subtilne prilagoditve. Izdelek je unikaten, kot tak\u0161en dopu\u0161\u010da varijacije, ki nastanejo v postopku izdelave na osnovi intuitivnih prilagoditev, da bi bila kon\u010dna energija celote (kamen in risba) \u010dim popolneje usklajena.<\/strong><\/p>\n","protected":false},"excerpt":{"rendered":"<p>GAIALIT je prodnik z ro\u010dno naslikanim unikatnim simbolom elementarnih sil, ki so ga soustvarjale (zemlja, voda, ogenj, zrak). Njegov namen je podpreti posameznika pri ponovni povezavi z naravo, z Gaio &#8211; Materjo Zemljo. Vsak Gaialit je edinstven. Kamen in avtor komunicirata na subtilni ravni, dokler simbol ne ustreza energiji kamna. Ne glede na to, kako [&hellip;]<\/p>\n","protected":false},"featured_media":23640,"template":"","meta":{"site-sidebar-layout":"default","site-content-layout":"default","ast-site-content-layout":"default","site-content-style":"default","site-sidebar-style":"default","ast-global-header-display":"","ast-banner-title-visibility":"","ast-main-header-display":"","ast-hfb-above-header-display":"","ast-hfb-below-header-display":"","ast-hfb-mobile-header-display":"","site-post-title":"","ast-breadcrumbs-content":"","ast-featured-img":"","footer-sml-layout":"","ast-disable-related-posts":"","theme-transparent-header-meta":"default","adv-header-id-meta":"","stick-header-meta":"default","header-above-stick-meta":"","header-main-stick-meta":"","header-below-stick-meta":"","astra-migrate-meta-layouts":"default","ast-page-background-enabled":"default","ast-page-background-meta":{"desktop":{"background-color":"","background-image":"","background-repeat":"repeat","background-position":"center center","background-size":"auto","background-attachment":"scroll","background-type":"","background-media":"","overlay-type":"","overlay-color":"","overlay-opacity":"","overlay-gradient":""},"tablet":{"background-color":"","background-image":"","background-repeat":"repeat","background-position":"center center","background-size":"auto","background-attachment":"scroll","background-type":"","background-media":"","overlay-type":"","overlay-color":"","overlay-opacity":"","overlay-gradient":""},"mobile":{"background-color":"","background-image":"","background-repeat":"repeat","background-position":"center center","background-size":"auto","background-attachment":"scroll","background-type":"","background-media":"","overlay-type":"","overlay-color":"","overlay-opacity":"","overlay-gradient":""}},"ast-content-background-meta":{"desktop":{"background-color":"var(--ast-global-color-5)","background-image":"","background-repeat":"repeat","background-position":"center center","background-size":"auto","background-attachment":"scroll","background-type":"","background-media":"","overlay-type":"","overlay-color":"","overlay-opacity":"","overlay-gradient":""},"tablet":{"background-color":"var(--ast-global-color-5)","background-image":"","background-repeat":"repeat","background-position":"center center","background-size":"auto","background-attachment":"scroll","background-type":"","background-media":"","overlay-type":"","overlay-color":"","overlay-opacity":"","overlay-gradient":""},"mobile":{"background-color":"var(--ast-global-color-5)","background-image":"","background-repeat":"repeat","background-position":"center center","background-size":"auto","background-attachment":"scroll","background-type":"","background-media":"","overlay-type":"","overlay-color":"","overlay-opacity":"","overlay-gradient":""}}},"product_brand":[],"product_cat":[223,180],"product_tag":[125],"class_list":{"0":"post-23639","1":"product","2":"type-product","3":"status-publish","4":"has-post-thumbnail","6":"product_cat-gaialit-kamni","7":"product_cat-vsi-izdelki","8":"product_tag-connected-sl","9":"desktop-align-center","10":"tablet-align-center","11":"mobile-align-center","12":"ast-product-gallery-layout-horizontal-slider","13":"ast-product-tabs-layout-horizontal","15":"first","16":"onbackorder","17":"featured","18":"shipping-taxable","19":"purchasable","20":"product-type-simple"},"yoast_head":"<!-- This site is optimized with the Yoast SEO plugin v27.4 - https:\/\/yoast.com\/product\/yoast-seo-wordpress\/ -->\n<title>Kamen Gaialit - &quot;hoja po \u017eerjavici&quot; | Trgovina Gaialit, element OGENJ<\/title>\n<meta name=\"description\" content=\"Gaialit \u2013 ro\u010dna unikatna poslikava prodnikov. Elementarna energija. Popolno darilo, podpora za osebno rast. Element: OGENJ. Klikni tukaj.\" \/>\n<meta name=\"robots\" content=\"index, follow, max-snippet:-1, max-image-preview:large, max-video-preview:-1\" \/>\n<link rel=\"canonical\" href=\"https:\/\/gaialit.com\/product\/gaialit-hoja-po-zerjavici-ogenj\/\" \/>\n<meta property=\"og:locale\" content=\"sl_SI\" \/>\n<meta property=\"og:type\" content=\"article\" \/>\n<meta property=\"og:title\" content=\"Kamen Gaialit - &quot;hoja po \u017eerjavici&quot; | Trgovina Gaialit, element OGENJ\" \/>\n<meta property=\"og:description\" content=\"Gaialit \u2013 ro\u010dna unikatna poslikava prodnikov. Elementarna energija. Popolno darilo, podpora za osebno rast. Element: OGENJ. Klikni tukaj.\" \/>\n<meta property=\"og:url\" content=\"https:\/\/gaialit.com\/product\/gaialit-hoja-po-zerjavici-ogenj\/\" \/>\n<meta property=\"og:site_name\" content=\"Gaialit\" \/>\n<meta property=\"article:modified_time\" content=\"2022-04-13T15:26:29+00:00\" \/>\n<meta property=\"og:image\" content=\"https:\/\/gaialit.com\/wp-content\/uploads\/2020\/10\/FIRE_FireWalk2.jpg\" \/>\n\t<meta property=\"og:image:width\" content=\"900\" \/>\n\t<meta property=\"og:image:height\" content=\"900\" \/>\n\t<meta property=\"og:image:type\" content=\"image\/jpeg\" \/>\n<meta name=\"twitter:card\" content=\"summary_large_image\" \/>\n<meta name=\"twitter:label1\" content=\"Est. reading time\" \/>\n\t<meta name=\"twitter:data1\" content=\"2 minuti\" \/>\n<script type=\"application\/ld+json\" class=\"yoast-schema-graph\">{\"@context\":\"https:\\\/\\\/schema.org\",\"@graph\":[{\"@type\":\"WebPage\",\"@id\":\"https:\\\/\\\/gaialit.com\\\/product\\\/gaialit-hoja-po-zerjavici-ogenj\\\/\",\"url\":\"https:\\\/\\\/gaialit.com\\\/product\\\/gaialit-hoja-po-zerjavici-ogenj\\\/\",\"name\":\"Kamen Gaialit - \\\"hoja po \u017eerjavici\\\" | Trgovina Gaialit, element OGENJ\",\"isPartOf\":{\"@id\":\"https:\\\/\\\/gaialit.com\\\/#website\"},\"primaryImageOfPage\":{\"@id\":\"https:\\\/\\\/gaialit.com\\\/product\\\/gaialit-hoja-po-zerjavici-ogenj\\\/#primaryimage\"},\"image\":{\"@id\":\"https:\\\/\\\/gaialit.com\\\/product\\\/gaialit-hoja-po-zerjavici-ogenj\\\/#primaryimage\"},\"thumbnailUrl\":\"https:\\\/\\\/gaialit.com\\\/wp-content\\\/uploads\\\/2020\\\/10\\\/FIRE_FireWalk2.jpg\",\"datePublished\":\"2020-10-17T12:25:37+00:00\",\"dateModified\":\"2022-04-13T15:26:29+00:00\",\"description\":\"Gaialit \u2013 ro\u010dna unikatna poslikava prodnikov. Elementarna energija. Popolno darilo, podpora za osebno rast. Element: OGENJ. Klikni tukaj.\",\"breadcrumb\":{\"@id\":\"https:\\\/\\\/gaialit.com\\\/product\\\/gaialit-hoja-po-zerjavici-ogenj\\\/#breadcrumb\"},\"inLanguage\":\"sl-SI\",\"potentialAction\":[{\"@type\":\"ReadAction\",\"target\":[\"https:\\\/\\\/gaialit.com\\\/product\\\/gaialit-hoja-po-zerjavici-ogenj\\\/\"]}]},{\"@type\":\"ImageObject\",\"inLanguage\":\"sl-SI\",\"@id\":\"https:\\\/\\\/gaialit.com\\\/product\\\/gaialit-hoja-po-zerjavici-ogenj\\\/#primaryimage\",\"url\":\"https:\\\/\\\/gaialit.com\\\/wp-content\\\/uploads\\\/2020\\\/10\\\/FIRE_FireWalk2.jpg\",\"contentUrl\":\"https:\\\/\\\/gaialit.com\\\/wp-content\\\/uploads\\\/2020\\\/10\\\/FIRE_FireWalk2.jpg\",\"width\":900,\"height\":900},{\"@type\":\"BreadcrumbList\",\"@id\":\"https:\\\/\\\/gaialit.com\\\/product\\\/gaialit-hoja-po-zerjavici-ogenj\\\/#breadcrumb\",\"itemListElement\":[{\"@type\":\"ListItem\",\"position\":1,\"name\":\"Domov\",\"item\":\"https:\\\/\\\/gaialit.com\\\/\"},{\"@type\":\"ListItem\",\"position\":2,\"name\":\"Trgovina\",\"item\":\"https:\\\/\\\/gaialit.com\\\/shop-2\\\/\"},{\"@type\":\"ListItem\",\"position\":3,\"name\":\"Gaialit &#8211; Ritual Hoja po \u017eerjavici\"}]},{\"@type\":\"WebSite\",\"@id\":\"https:\\\/\\\/gaialit.com\\\/#website\",\"url\":\"https:\\\/\\\/gaialit.com\\\/\",\"name\":\"Gaialit\",\"description\":\"personalised gaialit stones, personal growth | Strong connection, earth energies\",\"publisher\":{\"@id\":\"https:\\\/\\\/gaialit.com\\\/#organization\"},\"potentialAction\":[{\"@type\":\"SearchAction\",\"target\":{\"@type\":\"EntryPoint\",\"urlTemplate\":\"https:\\\/\\\/gaialit.com\\\/?s={search_term_string}\"},\"query-input\":{\"@type\":\"PropertyValueSpecification\",\"valueRequired\":true,\"valueName\":\"search_term_string\"}}],\"inLanguage\":\"sl-SI\"},{\"@type\":\"Organization\",\"@id\":\"https:\\\/\\\/gaialit.com\\\/#organization\",\"name\":\"Gaialit\",\"url\":\"https:\\\/\\\/gaialit.com\\\/\",\"logo\":{\"@type\":\"ImageObject\",\"inLanguage\":\"sl-SI\",\"@id\":\"https:\\\/\\\/gaialit.com\\\/#\\\/schema\\\/logo\\\/image\\\/\",\"url\":\"https:\\\/\\\/gaialit.com\\\/wp-content\\\/uploads\\\/2022\\\/03\\\/Gaialit-logo-new.png\",\"contentUrl\":\"https:\\\/\\\/gaialit.com\\\/wp-content\\\/uploads\\\/2022\\\/03\\\/Gaialit-logo-new.png\",\"width\":1339,\"height\":418,\"caption\":\"Gaialit\"},\"image\":{\"@id\":\"https:\\\/\\\/gaialit.com\\\/#\\\/schema\\\/logo\\\/image\\\/\"}}]}<\/script>\n<!-- \/ Yoast SEO plugin. -->","yoast_head_json":{"title":"Kamen Gaialit - \"hoja po \u017eerjavici\" | Trgovina Gaialit, element OGENJ","description":"Gaialit \u2013 ro\u010dna unikatna poslikava prodnikov. Elementarna energija. Popolno darilo, podpora za osebno rast. Element: OGENJ. Klikni tukaj.","robots":{"index":"index","follow":"follow","max-snippet":"max-snippet:-1","max-image-preview":"max-image-preview:large","max-video-preview":"max-video-preview:-1"},"canonical":"https:\/\/gaialit.com\/product\/gaialit-hoja-po-zerjavici-ogenj\/","og_locale":"sl_SI","og_type":"article","og_title":"Kamen Gaialit - \"hoja po \u017eerjavici\" | Trgovina Gaialit, element OGENJ","og_description":"Gaialit \u2013 ro\u010dna unikatna poslikava prodnikov. Elementarna energija. Popolno darilo, podpora za osebno rast. Element: OGENJ. Klikni tukaj.","og_url":"https:\/\/gaialit.com\/product\/gaialit-hoja-po-zerjavici-ogenj\/","og_site_name":"Gaialit","article_modified_time":"2022-04-13T15:26:29+00:00","og_image":[{"width":900,"height":900,"url":"https:\/\/gaialit.com\/wp-content\/uploads\/2020\/10\/FIRE_FireWalk2.jpg","type":"image\/jpeg"}],"twitter_card":"summary_large_image","twitter_misc":{"Est. reading time":"2 minuti"},"schema":{"@context":"https:\/\/schema.org","@graph":[{"@type":"WebPage","@id":"https:\/\/gaialit.com\/product\/gaialit-hoja-po-zerjavici-ogenj\/","url":"https:\/\/gaialit.com\/product\/gaialit-hoja-po-zerjavici-ogenj\/","name":"Kamen Gaialit - \"hoja po \u017eerjavici\" | Trgovina Gaialit, element OGENJ","isPartOf":{"@id":"https:\/\/gaialit.com\/#website"},"primaryImageOfPage":{"@id":"https:\/\/gaialit.com\/product\/gaialit-hoja-po-zerjavici-ogenj\/#primaryimage"},"image":{"@id":"https:\/\/gaialit.com\/product\/gaialit-hoja-po-zerjavici-ogenj\/#primaryimage"},"thumbnailUrl":"https:\/\/gaialit.com\/wp-content\/uploads\/2020\/10\/FIRE_FireWalk2.jpg","datePublished":"2020-10-17T12:25:37+00:00","dateModified":"2022-04-13T15:26:29+00:00","description":"Gaialit \u2013 ro\u010dna unikatna poslikava prodnikov. Elementarna energija. Popolno darilo, podpora za osebno rast. Element: OGENJ. Klikni tukaj.","breadcrumb":{"@id":"https:\/\/gaialit.com\/product\/gaialit-hoja-po-zerjavici-ogenj\/#breadcrumb"},"inLanguage":"sl-SI","potentialAction":[{"@type":"ReadAction","target":["https:\/\/gaialit.com\/product\/gaialit-hoja-po-zerjavici-ogenj\/"]}]},{"@type":"ImageObject","inLanguage":"sl-SI","@id":"https:\/\/gaialit.com\/product\/gaialit-hoja-po-zerjavici-ogenj\/#primaryimage","url":"https:\/\/gaialit.com\/wp-content\/uploads\/2020\/10\/FIRE_FireWalk2.jpg","contentUrl":"https:\/\/gaialit.com\/wp-content\/uploads\/2020\/10\/FIRE_FireWalk2.jpg","width":900,"height":900},{"@type":"BreadcrumbList","@id":"https:\/\/gaialit.com\/product\/gaialit-hoja-po-zerjavici-ogenj\/#breadcrumb","itemListElement":[{"@type":"ListItem","position":1,"name":"Domov","item":"https:\/\/gaialit.com\/"},{"@type":"ListItem","position":2,"name":"Trgovina","item":"https:\/\/gaialit.com\/shop-2\/"},{"@type":"ListItem","position":3,"name":"Gaialit &#8211; Ritual Hoja po \u017eerjavici"}]},{"@type":"WebSite","@id":"https:\/\/gaialit.com\/#website","url":"https:\/\/gaialit.com\/","name":"Gaialit","description":"personalised gaialit stones, personal growth | Strong connection, earth energies","publisher":{"@id":"https:\/\/gaialit.com\/#organization"},"potentialAction":[{"@type":"SearchAction","target":{"@type":"EntryPoint","urlTemplate":"https:\/\/gaialit.com\/?s={search_term_string}"},"query-input":{"@type":"PropertyValueSpecification","valueRequired":true,"valueName":"search_term_string"}}],"inLanguage":"sl-SI"},{"@type":"Organization","@id":"https:\/\/gaialit.com\/#organization","name":"Gaialit","url":"https:\/\/gaialit.com\/","logo":{"@type":"ImageObject","inLanguage":"sl-SI","@id":"https:\/\/gaialit.com\/#\/schema\/logo\/image\/","url":"https:\/\/gaialit.com\/wp-content\/uploads\/2022\/03\/Gaialit-logo-new.png","contentUrl":"https:\/\/gaialit.com\/wp-content\/uploads\/2022\/03\/Gaialit-logo-new.png","width":1339,"height":418,"caption":"Gaialit"},"image":{"@id":"https:\/\/gaialit.com\/#\/schema\/logo\/image\/"}}]}},"_links":{"self":[{"href":"https:\/\/gaialit.com\/sl\/wp-json\/wp\/v2\/product\/23639","targetHints":{"allow":["GET"]}}],"collection":[{"href":"https:\/\/gaialit.com\/sl\/wp-json\/wp\/v2\/product"}],"about":[{"href":"https:\/\/gaialit.com\/sl\/wp-json\/wp\/v2\/types\/product"}],"wp:featuredmedia":[{"embeddable":true,"href":"https:\/\/gaialit.com\/sl\/wp-json\/wp\/v2\/media\/23640"}],"wp:attachment":[{"href":"https:\/\/gaialit.com\/sl\/wp-json\/wp\/v2\/media?parent=23639"}],"wp:term":[{"taxonomy":"product_brand","embeddable":true,"href":"https:\/\/gaialit.com\/sl\/wp-json\/wp\/v2\/product_brand?post=23639"},{"taxonomy":"product_cat","embeddable":true,"href":"https:\/\/gaialit.com\/sl\/wp-json\/wp\/v2\/product_cat?post=23639"},{"taxonomy":"product_tag","embeddable":true,"href":"https:\/\/gaialit.com\/sl\/wp-json\/wp\/v2\/product_tag?post=23639"}],"curies":[{"name":"wp","href":"https:\/\/api.w.org\/{rel}","templated":true}]}}