{"id":23628,"date":"2020-10-17T14:11:30","date_gmt":"2020-10-17T13:11:30","guid":{"rendered":"https:\/\/gaialit.com\/product\/gaialit-stone-violet-flame-2\/"},"modified":"2022-04-13T17:23:07","modified_gmt":"2022-04-13T15:23:07","slug":"gaialit-stone-vijolicni-plamen-ogenj","status":"publish","type":"product","link":"https:\/\/gaialit.com\/sl\/product\/gaialit-stone-vijolicni-plamen-ogenj\/","title":{"rendered":"Gaialit &#8211; Vijoli\u010dni plamen"},"content":{"rendered":"<p><strong>GAIALIT<\/strong> je prodnik z ro\u010dno naslikanim unikatnim simbolom elementarnih sil, ki so ga soustvarjale <strong>(zemlja, voda, ogenj, zrak).<\/strong> Njegov namen je podpreti posameznika pri ponovni povezavi z naravo, z Gaio &#8211; Materjo Zemljo.<\/p>\n<p><strong>Vsak Gaialit je edinstven. Kamen in avtor komunicirata na subtilni ravni, dokler simbol ne ustreza energiji kamna. Ne glede na to, kako ga uporabljate, bo Gaialit vedno pozitivno iz\u017eareval izbrano energijo dolo\u010denega elementa za vas.<\/strong><\/p>\n<ul>\n<li>RO\u010cNO DELO, unikat, ro\u010dno poslikan kamen, energijsko orodje.<\/li>\n<li>Element: ZEMLJA<\/li>\n<li>Materiali: akrilna barva, naravna olja, kamen.<\/li>\n<\/ul>\n<p style=\"text-align: justify;\"><b>MOTIV \u00a0| <\/b>\u00a0<strong>VIJOLI\u010cNI PLAMEN<\/strong><\/p>\n<p>Simbol, ki je interpretacija sedmega spiritualnega \u017earka, je podpora na\u0161i sposobnosti pospe\u0161evanja lastnega duhovnega razvoja. O\u017eivlja nas in po\u017eivlja ter negativno energijo spreminja v pozitivno. Z vijoli\u010dnim plamenom, ki nam pomaga pri preoblikovanju negativnih misli in ob\u010dutkov, izgrajujemo platformo za ponovno uravnote\u017eenje na\u0161e energije.<\/p>\n<p><strong>OPOMBA OB NARO\u010cILU GAIALITA:<\/strong><\/p>\n<p><strong>Kljub temu, da bosta oblika in energija podobni simbolu na sliki, simbol ne bo enak, saj bo na drugem kamnu, ki bo zahteval subtilne prilagoditve. Izdelek je unikaten, kot tak\u0161en dopu\u0161\u010da varijacije, ki nastanejo v postopku izdelave na osnovi intuitivnih prilagoditev, da bi bila kon\u010dna energija celote (kamen in risba) \u010dim popolneje usklajena.<\/strong><\/p>\n","protected":false},"excerpt":{"rendered":"<p>GAIALIT je prodnik z ro\u010dno naslikanim unikatnim simbolom elementarnih sil, ki so ga soustvarjale (zemlja, voda, ogenj, zrak). Njegov namen je podpreti posameznika pri ponovni povezavi z naravo, z Gaio &#8211; Materjo Zemljo. Vsak Gaialit je edinstven. Kamen in avtor komunicirata na subtilni ravni, dokler simbol ne ustreza energiji kamna. Ne glede na to, kako [&hellip;]<\/p>\n","protected":false},"featured_media":23629,"template":"","meta":{"site-sidebar-layout":"default","site-content-layout":"default","ast-site-content-layout":"default","site-content-style":"default","site-sidebar-style":"default","ast-global-header-display":"","ast-banner-title-visibility":"","ast-main-header-display":"","ast-hfb-above-header-display":"","ast-hfb-below-header-display":"","ast-hfb-mobile-header-display":"","site-post-title":"","ast-breadcrumbs-content":"","ast-featured-img":"","footer-sml-layout":"","ast-disable-related-posts":"","theme-transparent-header-meta":"default","adv-header-id-meta":"","stick-header-meta":"default","header-above-stick-meta":"","header-main-stick-meta":"","header-below-stick-meta":"","astra-migrate-meta-layouts":"default","ast-page-background-enabled":"default","ast-page-background-meta":{"desktop":{"background-color":"","background-image":"","background-repeat":"repeat","background-position":"center center","background-size":"auto","background-attachment":"scroll","background-type":"","background-media":"","overlay-type":"","overlay-color":"","overlay-opacity":"","overlay-gradient":""},"tablet":{"background-color":"","background-image":"","background-repeat":"repeat","background-position":"center center","background-size":"auto","background-attachment":"scroll","background-type":"","background-media":"","overlay-type":"","overlay-color":"","overlay-opacity":"","overlay-gradient":""},"mobile":{"background-color":"","background-image":"","background-repeat":"repeat","background-position":"center center","background-size":"auto","background-attachment":"scroll","background-type":"","background-media":"","overlay-type":"","overlay-color":"","overlay-opacity":"","overlay-gradient":""}},"ast-content-background-meta":{"desktop":{"background-color":"var(--ast-global-color-5)","background-image":"","background-repeat":"repeat","background-position":"center center","background-size":"auto","background-attachment":"scroll","background-type":"","background-media":"","overlay-type":"","overlay-color":"","overlay-opacity":"","overlay-gradient":""},"tablet":{"background-color":"var(--ast-global-color-5)","background-image":"","background-repeat":"repeat","background-position":"center center","background-size":"auto","background-attachment":"scroll","background-type":"","background-media":"","overlay-type":"","overlay-color":"","overlay-opacity":"","overlay-gradient":""},"mobile":{"background-color":"var(--ast-global-color-5)","background-image":"","background-repeat":"repeat","background-position":"center center","background-size":"auto","background-attachment":"scroll","background-type":"","background-media":"","overlay-type":"","overlay-color":"","overlay-opacity":"","overlay-gradient":""}}},"product_brand":[],"product_cat":[223,180],"product_tag":[125],"class_list":{"0":"post-23628","1":"product","2":"type-product","3":"status-publish","4":"has-post-thumbnail","6":"product_cat-gaialit-kamni","7":"product_cat-vsi-izdelki","8":"product_tag-connected-sl","9":"desktop-align-center","10":"tablet-align-center","11":"mobile-align-center","12":"ast-product-gallery-layout-horizontal-slider","13":"ast-product-gallery-with-no-image","14":"ast-product-tabs-layout-horizontal","16":"first","17":"onbackorder","18":"shipping-taxable","19":"purchasable","20":"product-type-simple"},"yoast_head":"<!-- This site is optimized with the Yoast SEO plugin v27.4 - https:\/\/yoast.com\/product\/yoast-seo-wordpress\/ -->\n<title>Kamen Gaialit - &quot;Vijoli\u010dni plamen&quot; | Trgovina Gaialit, element OGENJ<\/title>\n<meta name=\"description\" content=\"Gaialit Stone, Violet Flame - HANDMADE, uniquely selected and painted stone, gift and home decor for your personal growth. Element: FIRE. Click here.\" \/>\n<meta name=\"robots\" content=\"index, follow, max-snippet:-1, max-image-preview:large, max-video-preview:-1\" \/>\n<link rel=\"canonical\" href=\"https:\/\/gaialit.com\/product\/gaialit-stone-vijolicni-plamen-ogenj\/\" \/>\n<meta property=\"og:locale\" content=\"sl_SI\" \/>\n<meta property=\"og:type\" content=\"article\" \/>\n<meta property=\"og:title\" content=\"Kamen Gaialit - &quot;Vijoli\u010dni plamen&quot; | Trgovina Gaialit, element OGENJ\" \/>\n<meta property=\"og:description\" content=\"Gaialit Stone, Violet Flame - HANDMADE, uniquely selected and painted stone, gift and home decor for your personal growth. Element: FIRE. Click here.\" \/>\n<meta property=\"og:url\" content=\"https:\/\/gaialit.com\/product\/gaialit-stone-vijolicni-plamen-ogenj\/\" \/>\n<meta property=\"og:site_name\" content=\"Gaialit\" \/>\n<meta property=\"article:modified_time\" content=\"2022-04-13T15:23:07+00:00\" \/>\n<meta property=\"og:image\" content=\"https:\/\/gaialit.com\/wp-content\/uploads\/2020\/10\/FIRE_VioletFlame.jpg\" \/>\n\t<meta property=\"og:image:width\" content=\"900\" \/>\n\t<meta property=\"og:image:height\" content=\"900\" \/>\n\t<meta property=\"og:image:type\" content=\"image\/jpeg\" \/>\n<meta name=\"twitter:card\" content=\"summary_large_image\" \/>\n<meta name=\"twitter:label1\" content=\"Est. reading time\" \/>\n\t<meta name=\"twitter:data1\" content=\"2 minuti\" \/>\n<script type=\"application\/ld+json\" class=\"yoast-schema-graph\">{\"@context\":\"https:\\\/\\\/schema.org\",\"@graph\":[{\"@type\":\"WebPage\",\"@id\":\"https:\\\/\\\/gaialit.com\\\/product\\\/gaialit-stone-vijolicni-plamen-ogenj\\\/\",\"url\":\"https:\\\/\\\/gaialit.com\\\/product\\\/gaialit-stone-vijolicni-plamen-ogenj\\\/\",\"name\":\"Kamen Gaialit - \\\"Vijoli\u010dni plamen\\\" | Trgovina Gaialit, element OGENJ\",\"isPartOf\":{\"@id\":\"https:\\\/\\\/gaialit.com\\\/#website\"},\"primaryImageOfPage\":{\"@id\":\"https:\\\/\\\/gaialit.com\\\/product\\\/gaialit-stone-vijolicni-plamen-ogenj\\\/#primaryimage\"},\"image\":{\"@id\":\"https:\\\/\\\/gaialit.com\\\/product\\\/gaialit-stone-vijolicni-plamen-ogenj\\\/#primaryimage\"},\"thumbnailUrl\":\"https:\\\/\\\/gaialit.com\\\/wp-content\\\/uploads\\\/2020\\\/10\\\/FIRE_VioletFlame.jpg\",\"datePublished\":\"2020-10-17T13:11:30+00:00\",\"dateModified\":\"2022-04-13T15:23:07+00:00\",\"description\":\"Gaialit Stone, Violet Flame - HANDMADE, uniquely selected and painted stone, gift and home decor for your personal growth. Element: FIRE. Click here.\",\"breadcrumb\":{\"@id\":\"https:\\\/\\\/gaialit.com\\\/product\\\/gaialit-stone-vijolicni-plamen-ogenj\\\/#breadcrumb\"},\"inLanguage\":\"sl-SI\",\"potentialAction\":[{\"@type\":\"ReadAction\",\"target\":[\"https:\\\/\\\/gaialit.com\\\/product\\\/gaialit-stone-vijolicni-plamen-ogenj\\\/\"]}]},{\"@type\":\"ImageObject\",\"inLanguage\":\"sl-SI\",\"@id\":\"https:\\\/\\\/gaialit.com\\\/product\\\/gaialit-stone-vijolicni-plamen-ogenj\\\/#primaryimage\",\"url\":\"https:\\\/\\\/gaialit.com\\\/wp-content\\\/uploads\\\/2020\\\/10\\\/FIRE_VioletFlame.jpg\",\"contentUrl\":\"https:\\\/\\\/gaialit.com\\\/wp-content\\\/uploads\\\/2020\\\/10\\\/FIRE_VioletFlame.jpg\",\"width\":900,\"height\":900},{\"@type\":\"BreadcrumbList\",\"@id\":\"https:\\\/\\\/gaialit.com\\\/product\\\/gaialit-stone-vijolicni-plamen-ogenj\\\/#breadcrumb\",\"itemListElement\":[{\"@type\":\"ListItem\",\"position\":1,\"name\":\"Domov\",\"item\":\"https:\\\/\\\/gaialit.com\\\/\"},{\"@type\":\"ListItem\",\"position\":2,\"name\":\"Trgovina\",\"item\":\"https:\\\/\\\/gaialit.com\\\/shop-2\\\/\"},{\"@type\":\"ListItem\",\"position\":3,\"name\":\"Gaialit &#8211; Vijoli\u010dni plamen\"}]},{\"@type\":\"WebSite\",\"@id\":\"https:\\\/\\\/gaialit.com\\\/#website\",\"url\":\"https:\\\/\\\/gaialit.com\\\/\",\"name\":\"Gaialit\",\"description\":\"personalised gaialit stones, personal growth | Strong connection, earth energies\",\"publisher\":{\"@id\":\"https:\\\/\\\/gaialit.com\\\/#organization\"},\"potentialAction\":[{\"@type\":\"SearchAction\",\"target\":{\"@type\":\"EntryPoint\",\"urlTemplate\":\"https:\\\/\\\/gaialit.com\\\/?s={search_term_string}\"},\"query-input\":{\"@type\":\"PropertyValueSpecification\",\"valueRequired\":true,\"valueName\":\"search_term_string\"}}],\"inLanguage\":\"sl-SI\"},{\"@type\":\"Organization\",\"@id\":\"https:\\\/\\\/gaialit.com\\\/#organization\",\"name\":\"Gaialit\",\"url\":\"https:\\\/\\\/gaialit.com\\\/\",\"logo\":{\"@type\":\"ImageObject\",\"inLanguage\":\"sl-SI\",\"@id\":\"https:\\\/\\\/gaialit.com\\\/#\\\/schema\\\/logo\\\/image\\\/\",\"url\":\"https:\\\/\\\/gaialit.com\\\/wp-content\\\/uploads\\\/2022\\\/03\\\/Gaialit-logo-new.png\",\"contentUrl\":\"https:\\\/\\\/gaialit.com\\\/wp-content\\\/uploads\\\/2022\\\/03\\\/Gaialit-logo-new.png\",\"width\":1339,\"height\":418,\"caption\":\"Gaialit\"},\"image\":{\"@id\":\"https:\\\/\\\/gaialit.com\\\/#\\\/schema\\\/logo\\\/image\\\/\"}}]}<\/script>\n<!-- \/ Yoast SEO plugin. -->","yoast_head_json":{"title":"Kamen Gaialit - \"Vijoli\u010dni plamen\" | Trgovina Gaialit, element OGENJ","description":"Gaialit Stone, Violet Flame - HANDMADE, uniquely selected and painted stone, gift and home decor for your personal growth. Element: FIRE. Click here.","robots":{"index":"index","follow":"follow","max-snippet":"max-snippet:-1","max-image-preview":"max-image-preview:large","max-video-preview":"max-video-preview:-1"},"canonical":"https:\/\/gaialit.com\/product\/gaialit-stone-vijolicni-plamen-ogenj\/","og_locale":"sl_SI","og_type":"article","og_title":"Kamen Gaialit - \"Vijoli\u010dni plamen\" | Trgovina Gaialit, element OGENJ","og_description":"Gaialit Stone, Violet Flame - HANDMADE, uniquely selected and painted stone, gift and home decor for your personal growth. Element: FIRE. Click here.","og_url":"https:\/\/gaialit.com\/product\/gaialit-stone-vijolicni-plamen-ogenj\/","og_site_name":"Gaialit","article_modified_time":"2022-04-13T15:23:07+00:00","og_image":[{"width":900,"height":900,"url":"https:\/\/gaialit.com\/wp-content\/uploads\/2020\/10\/FIRE_VioletFlame.jpg","type":"image\/jpeg"}],"twitter_card":"summary_large_image","twitter_misc":{"Est. reading time":"2 minuti"},"schema":{"@context":"https:\/\/schema.org","@graph":[{"@type":"WebPage","@id":"https:\/\/gaialit.com\/product\/gaialit-stone-vijolicni-plamen-ogenj\/","url":"https:\/\/gaialit.com\/product\/gaialit-stone-vijolicni-plamen-ogenj\/","name":"Kamen Gaialit - \"Vijoli\u010dni plamen\" | Trgovina Gaialit, element OGENJ","isPartOf":{"@id":"https:\/\/gaialit.com\/#website"},"primaryImageOfPage":{"@id":"https:\/\/gaialit.com\/product\/gaialit-stone-vijolicni-plamen-ogenj\/#primaryimage"},"image":{"@id":"https:\/\/gaialit.com\/product\/gaialit-stone-vijolicni-plamen-ogenj\/#primaryimage"},"thumbnailUrl":"https:\/\/gaialit.com\/wp-content\/uploads\/2020\/10\/FIRE_VioletFlame.jpg","datePublished":"2020-10-17T13:11:30+00:00","dateModified":"2022-04-13T15:23:07+00:00","description":"Gaialit Stone, Violet Flame - HANDMADE, uniquely selected and painted stone, gift and home decor for your personal growth. Element: FIRE. Click here.","breadcrumb":{"@id":"https:\/\/gaialit.com\/product\/gaialit-stone-vijolicni-plamen-ogenj\/#breadcrumb"},"inLanguage":"sl-SI","potentialAction":[{"@type":"ReadAction","target":["https:\/\/gaialit.com\/product\/gaialit-stone-vijolicni-plamen-ogenj\/"]}]},{"@type":"ImageObject","inLanguage":"sl-SI","@id":"https:\/\/gaialit.com\/product\/gaialit-stone-vijolicni-plamen-ogenj\/#primaryimage","url":"https:\/\/gaialit.com\/wp-content\/uploads\/2020\/10\/FIRE_VioletFlame.jpg","contentUrl":"https:\/\/gaialit.com\/wp-content\/uploads\/2020\/10\/FIRE_VioletFlame.jpg","width":900,"height":900},{"@type":"BreadcrumbList","@id":"https:\/\/gaialit.com\/product\/gaialit-stone-vijolicni-plamen-ogenj\/#breadcrumb","itemListElement":[{"@type":"ListItem","position":1,"name":"Domov","item":"https:\/\/gaialit.com\/"},{"@type":"ListItem","position":2,"name":"Trgovina","item":"https:\/\/gaialit.com\/shop-2\/"},{"@type":"ListItem","position":3,"name":"Gaialit &#8211; Vijoli\u010dni plamen"}]},{"@type":"WebSite","@id":"https:\/\/gaialit.com\/#website","url":"https:\/\/gaialit.com\/","name":"Gaialit","description":"personalised gaialit stones, personal growth | Strong connection, earth energies","publisher":{"@id":"https:\/\/gaialit.com\/#organization"},"potentialAction":[{"@type":"SearchAction","target":{"@type":"EntryPoint","urlTemplate":"https:\/\/gaialit.com\/?s={search_term_string}"},"query-input":{"@type":"PropertyValueSpecification","valueRequired":true,"valueName":"search_term_string"}}],"inLanguage":"sl-SI"},{"@type":"Organization","@id":"https:\/\/gaialit.com\/#organization","name":"Gaialit","url":"https:\/\/gaialit.com\/","logo":{"@type":"ImageObject","inLanguage":"sl-SI","@id":"https:\/\/gaialit.com\/#\/schema\/logo\/image\/","url":"https:\/\/gaialit.com\/wp-content\/uploads\/2022\/03\/Gaialit-logo-new.png","contentUrl":"https:\/\/gaialit.com\/wp-content\/uploads\/2022\/03\/Gaialit-logo-new.png","width":1339,"height":418,"caption":"Gaialit"},"image":{"@id":"https:\/\/gaialit.com\/#\/schema\/logo\/image\/"}}]}},"_links":{"self":[{"href":"https:\/\/gaialit.com\/sl\/wp-json\/wp\/v2\/product\/23628","targetHints":{"allow":["GET"]}}],"collection":[{"href":"https:\/\/gaialit.com\/sl\/wp-json\/wp\/v2\/product"}],"about":[{"href":"https:\/\/gaialit.com\/sl\/wp-json\/wp\/v2\/types\/product"}],"wp:featuredmedia":[{"embeddable":true,"href":"https:\/\/gaialit.com\/sl\/wp-json\/wp\/v2\/media\/23629"}],"wp:attachment":[{"href":"https:\/\/gaialit.com\/sl\/wp-json\/wp\/v2\/media?parent=23628"}],"wp:term":[{"taxonomy":"product_brand","embeddable":true,"href":"https:\/\/gaialit.com\/sl\/wp-json\/wp\/v2\/product_brand?post=23628"},{"taxonomy":"product_cat","embeddable":true,"href":"https:\/\/gaialit.com\/sl\/wp-json\/wp\/v2\/product_cat?post=23628"},{"taxonomy":"product_tag","embeddable":true,"href":"https:\/\/gaialit.com\/sl\/wp-json\/wp\/v2\/product_tag?post=23628"}],"curies":[{"name":"wp","href":"https:\/\/api.w.org\/{rel}","templated":true}]}}