{"id":23615,"date":"2020-10-17T18:26:57","date_gmt":"2020-10-17T17:26:57","guid":{"rendered":"https:\/\/gaialit.com\/product\/violet-flame-magnet-set\/"},"modified":"2024-06-27T17:00:07","modified_gmt":"2024-06-27T15:00:07","slug":"set-magnetov-vijolicni-plamen-gaialit-trgovina-stirje-elementi","status":"publish","type":"product","link":"https:\/\/gaialit.com\/sl\/product\/set-magnetov-vijolicni-plamen-gaialit-trgovina-stirje-elementi\/","title":{"rendered":"Komplet \u0161tirih magnetov &#8220;Vijoli\u010dni plamen&#8221;"},"content":{"rendered":"<div id=\"description-text\" style=\"text-align: justify;\">\n<p style=\"text-align: justify;\"><img decoding=\"async\" class=\"alignnone wp-image-22691\" src=\"https:\/\/gaialit.com\/wp-content\/uploads\/2020\/10\/Magneti-kvadratni4-300x300.jpg\" alt=\"\" width=\"150\" height=\"150\" srcset=\"https:\/\/gaialit.com\/wp-content\/uploads\/2020\/10\/Magneti-kvadratni4-300x300.jpg 300w, https:\/\/gaialit.com\/wp-content\/uploads\/2020\/10\/Magneti-kvadratni4-150x150.jpg 150w, https:\/\/gaialit.com\/wp-content\/uploads\/2020\/10\/Magneti-kvadratni4-500x500.jpg 500w, https:\/\/gaialit.com\/wp-content\/uploads\/2020\/10\/Magneti-kvadratni4-600x600.jpg 600w, https:\/\/gaialit.com\/wp-content\/uploads\/2020\/10\/Magneti-kvadratni4-100x100.jpg 100w, https:\/\/gaialit.com\/wp-content\/uploads\/2020\/10\/Magneti-kvadratni4.jpg 709w\" sizes=\"(max-width: 150px) 100vw, 150px\" \/><\/p>\n<p><strong>Element: OGENJ | Pomen simbola: VIJOLI\u010cNI PLAMEN<\/strong><\/p>\n<p>Simbol, ki je interpretacija sedmega spiritualnega \u017earka, je podpora na\u0161i sposobnosti pospe\u0161evanja lastnega duhovnega razvoja. O\u017eivlja nas in po\u017eivlja ter negativno energijo spreminja v pozitivno. Z vijoli\u010dnim plamenom, ki nam pomaga pri preoblikovanju negativnih misli in ob\u010dutkov, izgrajujemo platformo za ponovno uravnote\u017eenje na\u0161e energije.<\/p>\n<\/div>\n<p><img decoding=\"async\" class=\"alignnone wp-image-22692\" style=\"text-align: justify;\" src=\"https:\/\/gaialit.com\/wp-content\/uploads\/2020\/10\/Magneti-kvadratni7-300x300.jpg\" alt=\"\" width=\"150\" height=\"150\" srcset=\"https:\/\/gaialit.com\/wp-content\/uploads\/2020\/10\/Magneti-kvadratni7-300x300.jpg 300w, https:\/\/gaialit.com\/wp-content\/uploads\/2020\/10\/Magneti-kvadratni7-150x150.jpg 150w, https:\/\/gaialit.com\/wp-content\/uploads\/2020\/10\/Magneti-kvadratni7-500x500.jpg 500w, https:\/\/gaialit.com\/wp-content\/uploads\/2020\/10\/Magneti-kvadratni7-600x600.jpg 600w, https:\/\/gaialit.com\/wp-content\/uploads\/2020\/10\/Magneti-kvadratni7-100x100.jpg 100w, https:\/\/gaialit.com\/wp-content\/uploads\/2020\/10\/Magneti-kvadratni7.jpg 709w\" sizes=\"(max-width: 150px) 100vw, 150px\" \/><\/p>\n<p><strong>Element: ZEMLJA | Pomen simbola: \u0160AMAN<\/strong><\/p>\n<p>Simbol predstavlja na\u0161o sposobnost komunikacije in dela s fizi\u010dnimi bitji narave, kot so totemske \u017eivali in rastline ter duhovni vodniki s podro\u010dja rastlin in \u017eivali. Pomaga pri bolj\u0161em poznavanju samega sebe, izvajanju \u0161amanskih ritualov za ponovno uravnote\u017eenje osebne in zemeljske energije ter pri delu z duhovi narave. Predstavlja pa tudi \u010darobno povezavo s starodavnimi svetimi rastlinami, kot je ayahuasca, mescal &#8230;<\/p>\n<p><img decoding=\"async\" class=\"alignnone wp-image-22693\" style=\"text-align: justify;\" src=\"https:\/\/gaialit.com\/wp-content\/uploads\/2020\/10\/Magneti-kvadratni-300x300.jpg\" alt=\"\" width=\"150\" height=\"150\" srcset=\"https:\/\/gaialit.com\/wp-content\/uploads\/2020\/10\/Magneti-kvadratni-300x300.jpg 300w, https:\/\/gaialit.com\/wp-content\/uploads\/2020\/10\/Magneti-kvadratni-150x150.jpg 150w, https:\/\/gaialit.com\/wp-content\/uploads\/2020\/10\/Magneti-kvadratni-500x500.jpg 500w, https:\/\/gaialit.com\/wp-content\/uploads\/2020\/10\/Magneti-kvadratni-600x600.jpg 600w, https:\/\/gaialit.com\/wp-content\/uploads\/2020\/10\/Magneti-kvadratni-100x100.jpg 100w, https:\/\/gaialit.com\/wp-content\/uploads\/2020\/10\/Magneti-kvadratni.jpg 709w\" sizes=\"(max-width: 150px) 100vw, 150px\" \/><\/p>\n<p><strong>Element: ZRAK | Pomen simbola: <\/strong><strong>QUETZALCOATL<\/strong><\/p>\n<p>Azteki so verjeli, da je Quetzalcoatl oz. pernata ka\u010da povezan z bogovi vetra, planeta Venere, zore, trgovcev ter umetnosti, obrti in znanja. Bil je tudi bog zavetnik azte\u0161kega duhovni\u0161tva, u\u010denja in znanja.<\/p>\n<p><img loading=\"lazy\" decoding=\"async\" class=\"alignnone wp-image-22694\" style=\"text-align: justify;\" src=\"https:\/\/gaialit.com\/wp-content\/uploads\/2020\/10\/Magneti-kvadratni11-300x300.jpg\" alt=\"\" width=\"150\" height=\"150\" srcset=\"https:\/\/gaialit.com\/wp-content\/uploads\/2020\/10\/Magneti-kvadratni11-300x300.jpg 300w, https:\/\/gaialit.com\/wp-content\/uploads\/2020\/10\/Magneti-kvadratni11-150x150.jpg 150w, https:\/\/gaialit.com\/wp-content\/uploads\/2020\/10\/Magneti-kvadratni11-500x500.jpg 500w, https:\/\/gaialit.com\/wp-content\/uploads\/2020\/10\/Magneti-kvadratni11-600x600.jpg 600w, https:\/\/gaialit.com\/wp-content\/uploads\/2020\/10\/Magneti-kvadratni11-100x100.jpg 100w, https:\/\/gaialit.com\/wp-content\/uploads\/2020\/10\/Magneti-kvadratni11.jpg 709w\" sizes=\"(max-width: 150px) 100vw, 150px\" \/><\/p>\n<p><strong>Element: VODA | Pomen simbola: OAZA<\/strong><\/p>\n<p>Simbol ozna\u010duje sposobnost ustvarjanja novega \u017eivljenja tudi tam, kjer se sre\u010dujemo z na videz neplodnimi razmerami. Predstavlja podzemno reko, ki skozi izvir v sredi\u0161\u010du napaja pokrajino. Predstavlja na\u0161o sposobnost, da lahko ponovno za\u010dnemo od za\u010detka in si ustvarimo obilje v \u017eivljenju.<\/p>\n","protected":false},"excerpt":{"rendered":"<ul>\n<li>Izbrani zemeljski elementi na magnetih, cca 60 x 60 mm<\/li>\n<li>Elementi: OGENJ, ZEMLJA, ZRAK, VODA<\/li>\n<li>tisk na magnetni papir<\/li>\n<\/ul>\n<p><strong>PO\u0160TNINA:<\/strong><\/p>\n<ul>\n<li><strong>Slovenija: <\/strong>2.1 \u20ac<\/li>\n<li><strong>ostale dr\u017eave: <\/strong>5.5 \u20ac<\/li>\n<\/ul>\n","protected":false},"featured_media":23616,"template":"","meta":{"site-sidebar-layout":"default","site-content-layout":"","ast-site-content-layout":"default","site-content-style":"default","site-sidebar-style":"default","ast-global-header-display":"","ast-banner-title-visibility":"","ast-main-header-display":"","ast-hfb-above-header-display":"","ast-hfb-below-header-display":"","ast-hfb-mobile-header-display":"","site-post-title":"","ast-breadcrumbs-content":"","ast-featured-img":"","footer-sml-layout":"","ast-disable-related-posts":"","theme-transparent-header-meta":"","adv-header-id-meta":"","stick-header-meta":"","header-above-stick-meta":"","header-main-stick-meta":"","header-below-stick-meta":"","astra-migrate-meta-layouts":"default","ast-page-background-enabled":"default","ast-page-background-meta":{"desktop":{"background-color":"","background-image":"","background-repeat":"repeat","background-position":"center center","background-size":"auto","background-attachment":"scroll","background-type":"","background-media":"","overlay-type":"","overlay-color":"","overlay-opacity":"","overlay-gradient":""},"tablet":{"background-color":"","background-image":"","background-repeat":"repeat","background-position":"center center","background-size":"auto","background-attachment":"scroll","background-type":"","background-media":"","overlay-type":"","overlay-color":"","overlay-opacity":"","overlay-gradient":""},"mobile":{"background-color":"","background-image":"","background-repeat":"repeat","background-position":"center center","background-size":"auto","background-attachment":"scroll","background-type":"","background-media":"","overlay-type":"","overlay-color":"","overlay-opacity":"","overlay-gradient":""}},"ast-content-background-meta":{"desktop":{"background-color":"var(--ast-global-color-5)","background-image":"","background-repeat":"repeat","background-position":"center center","background-size":"auto","background-attachment":"scroll","background-type":"","background-media":"","overlay-type":"","overlay-color":"","overlay-opacity":"","overlay-gradient":""},"tablet":{"background-color":"var(--ast-global-color-5)","background-image":"","background-repeat":"repeat","background-position":"center center","background-size":"auto","background-attachment":"scroll","background-type":"","background-media":"","overlay-type":"","overlay-color":"","overlay-opacity":"","overlay-gradient":""},"mobile":{"background-color":"var(--ast-global-color-5)","background-image":"","background-repeat":"repeat","background-position":"center center","background-size":"auto","background-attachment":"scroll","background-type":"","background-media":"","overlay-type":"","overlay-color":"","overlay-opacity":"","overlay-gradient":""}}},"product_brand":[],"product_cat":[242,180],"product_tag":[125],"class_list":{"0":"post-23615","1":"product","2":"type-product","3":"status-publish","4":"has-post-thumbnail","6":"product_cat-gaialit-magneti","7":"product_cat-vsi-izdelki","8":"product_tag-connected-sl","9":"desktop-align-center","10":"tablet-align-center","11":"mobile-align-center","12":"ast-product-gallery-layout-horizontal-slider","13":"ast-product-gallery-with-no-image","14":"ast-product-tabs-layout-horizontal","16":"first","17":"instock","18":"shipping-taxable","19":"purchasable","20":"product-type-simple"},"yoast_head":"<!-- This site is optimized with the Yoast SEO plugin v27.6 - https:\/\/yoast.com\/product\/yoast-seo-wordpress\/ -->\n<title>Set magnetov &quot;Vijoli\u010dni plamen&quot; | Gaialit Trgovina, \u0161tirje elementi<\/title>\n<meta name=\"description\" content=\"Komplet magnetov &quot; Vijoli\u010dni plamen&quot; cca 6 x 6 cm. Elementi: OGENJ, ZEMLJA, ZRAK, VODA, tiskani na magnetni papir.\" \/>\n<meta name=\"robots\" content=\"index, follow, max-snippet:-1, max-image-preview:large, max-video-preview:-1\" \/>\n<link rel=\"canonical\" href=\"https:\/\/gaialit.com\/sl\/product\/set-magnetov-vijolicni-plamen-gaialit-trgovina-stirje-elementi\/\" \/>\n<meta property=\"og:locale\" content=\"sl_SI\" \/>\n<meta property=\"og:type\" content=\"article\" \/>\n<meta property=\"og:title\" content=\"Set magnetov &quot;Vijoli\u010dni plamen&quot; | Gaialit Trgovina, \u0161tirje elementi\" \/>\n<meta property=\"og:description\" content=\"Komplet magnetov &quot; Vijoli\u010dni plamen&quot; cca 6 x 6 cm. Elementi: OGENJ, ZEMLJA, ZRAK, VODA, tiskani na magnetni papir.\" \/>\n<meta property=\"og:url\" content=\"https:\/\/gaialit.com\/sl\/product\/set-magnetov-vijolicni-plamen-gaialit-trgovina-stirje-elementi\/\" \/>\n<meta property=\"og:site_name\" content=\"Gaialit\" \/>\n<meta property=\"article:modified_time\" content=\"2024-06-27T15:00:07+00:00\" \/>\n<meta property=\"og:image\" content=\"https:\/\/gaialit.com\/wp-content\/uploads\/2020\/10\/Magneti-Edition1-za-splet.jpg\" \/>\n\t<meta property=\"og:image:width\" content=\"1188\" \/>\n\t<meta property=\"og:image:height\" content=\"1188\" \/>\n\t<meta property=\"og:image:type\" content=\"image\/jpeg\" \/>\n<meta name=\"twitter:card\" content=\"summary_large_image\" \/>\n<meta name=\"twitter:label1\" content=\"Est. reading time\" \/>\n\t<meta name=\"twitter:data1\" content=\"1 minuta\" \/>\n<script type=\"application\/ld+json\" class=\"yoast-schema-graph\">{\"@context\":\"https:\\\/\\\/schema.org\",\"@graph\":[{\"@type\":\"WebPage\",\"@id\":\"https:\\\/\\\/gaialit.com\\\/sl\\\/product\\\/set-magnetov-vijolicni-plamen-gaialit-trgovina-stirje-elementi\\\/\",\"url\":\"https:\\\/\\\/gaialit.com\\\/sl\\\/product\\\/set-magnetov-vijolicni-plamen-gaialit-trgovina-stirje-elementi\\\/\",\"name\":\"Set magnetov \\\"Vijoli\u010dni plamen\\\" | Gaialit Trgovina, \u0161tirje elementi\",\"isPartOf\":{\"@id\":\"https:\\\/\\\/gaialit.com\\\/#website\"},\"primaryImageOfPage\":{\"@id\":\"https:\\\/\\\/gaialit.com\\\/sl\\\/product\\\/set-magnetov-vijolicni-plamen-gaialit-trgovina-stirje-elementi\\\/#primaryimage\"},\"image\":{\"@id\":\"https:\\\/\\\/gaialit.com\\\/sl\\\/product\\\/set-magnetov-vijolicni-plamen-gaialit-trgovina-stirje-elementi\\\/#primaryimage\"},\"thumbnailUrl\":\"https:\\\/\\\/gaialit.com\\\/wp-content\\\/uploads\\\/2020\\\/10\\\/Magneti-Edition1-za-splet.jpg\",\"datePublished\":\"2020-10-17T17:26:57+00:00\",\"dateModified\":\"2024-06-27T15:00:07+00:00\",\"description\":\"Komplet magnetov \\\" Vijoli\u010dni plamen\\\" cca 6 x 6 cm. Elementi: OGENJ, ZEMLJA, ZRAK, VODA, tiskani na magnetni papir.\",\"breadcrumb\":{\"@id\":\"https:\\\/\\\/gaialit.com\\\/sl\\\/product\\\/set-magnetov-vijolicni-plamen-gaialit-trgovina-stirje-elementi\\\/#breadcrumb\"},\"inLanguage\":\"sl-SI\",\"potentialAction\":[{\"@type\":\"ReadAction\",\"target\":[\"https:\\\/\\\/gaialit.com\\\/sl\\\/product\\\/set-magnetov-vijolicni-plamen-gaialit-trgovina-stirje-elementi\\\/\"]}]},{\"@type\":\"ImageObject\",\"inLanguage\":\"sl-SI\",\"@id\":\"https:\\\/\\\/gaialit.com\\\/sl\\\/product\\\/set-magnetov-vijolicni-plamen-gaialit-trgovina-stirje-elementi\\\/#primaryimage\",\"url\":\"https:\\\/\\\/gaialit.com\\\/wp-content\\\/uploads\\\/2020\\\/10\\\/Magneti-Edition1-za-splet.jpg\",\"contentUrl\":\"https:\\\/\\\/gaialit.com\\\/wp-content\\\/uploads\\\/2020\\\/10\\\/Magneti-Edition1-za-splet.jpg\",\"width\":1188,\"height\":1188},{\"@type\":\"BreadcrumbList\",\"@id\":\"https:\\\/\\\/gaialit.com\\\/sl\\\/product\\\/set-magnetov-vijolicni-plamen-gaialit-trgovina-stirje-elementi\\\/#breadcrumb\",\"itemListElement\":[{\"@type\":\"ListItem\",\"position\":1,\"name\":\"Domov\",\"item\":\"https:\\\/\\\/gaialit.com\\\/\"},{\"@type\":\"ListItem\",\"position\":2,\"name\":\"Trgovina\",\"item\":\"https:\\\/\\\/gaialit.com\\\/shop-2\\\/\"},{\"@type\":\"ListItem\",\"position\":3,\"name\":\"Komplet \u0161tirih magnetov &#8220;Vijoli\u010dni plamen&#8221;\"}]},{\"@type\":\"WebSite\",\"@id\":\"https:\\\/\\\/gaialit.com\\\/#website\",\"url\":\"https:\\\/\\\/gaialit.com\\\/\",\"name\":\"Gaialit\",\"description\":\"personalised gaialit stones, personal growth | Strong connection, earth energies\",\"publisher\":{\"@id\":\"https:\\\/\\\/gaialit.com\\\/#organization\"},\"potentialAction\":[{\"@type\":\"SearchAction\",\"target\":{\"@type\":\"EntryPoint\",\"urlTemplate\":\"https:\\\/\\\/gaialit.com\\\/?s={search_term_string}\"},\"query-input\":{\"@type\":\"PropertyValueSpecification\",\"valueRequired\":true,\"valueName\":\"search_term_string\"}}],\"inLanguage\":\"sl-SI\"},{\"@type\":\"Organization\",\"@id\":\"https:\\\/\\\/gaialit.com\\\/#organization\",\"name\":\"Gaialit\",\"url\":\"https:\\\/\\\/gaialit.com\\\/\",\"logo\":{\"@type\":\"ImageObject\",\"inLanguage\":\"sl-SI\",\"@id\":\"https:\\\/\\\/gaialit.com\\\/#\\\/schema\\\/logo\\\/image\\\/\",\"url\":\"https:\\\/\\\/gaialit.com\\\/wp-content\\\/uploads\\\/2022\\\/03\\\/Gaialit-logo-new.png\",\"contentUrl\":\"https:\\\/\\\/gaialit.com\\\/wp-content\\\/uploads\\\/2022\\\/03\\\/Gaialit-logo-new.png\",\"width\":1339,\"height\":418,\"caption\":\"Gaialit\"},\"image\":{\"@id\":\"https:\\\/\\\/gaialit.com\\\/#\\\/schema\\\/logo\\\/image\\\/\"}}]}<\/script>\n<!-- \/ Yoast SEO plugin. -->","yoast_head_json":{"title":"Set magnetov \"Vijoli\u010dni plamen\" | Gaialit Trgovina, \u0161tirje elementi","description":"Komplet magnetov \" Vijoli\u010dni plamen\" cca 6 x 6 cm. Elementi: OGENJ, ZEMLJA, ZRAK, VODA, tiskani na magnetni papir.","robots":{"index":"index","follow":"follow","max-snippet":"max-snippet:-1","max-image-preview":"max-image-preview:large","max-video-preview":"max-video-preview:-1"},"canonical":"https:\/\/gaialit.com\/sl\/product\/set-magnetov-vijolicni-plamen-gaialit-trgovina-stirje-elementi\/","og_locale":"sl_SI","og_type":"article","og_title":"Set magnetov \"Vijoli\u010dni plamen\" | Gaialit Trgovina, \u0161tirje elementi","og_description":"Komplet magnetov \" Vijoli\u010dni plamen\" cca 6 x 6 cm. Elementi: OGENJ, ZEMLJA, ZRAK, VODA, tiskani na magnetni papir.","og_url":"https:\/\/gaialit.com\/sl\/product\/set-magnetov-vijolicni-plamen-gaialit-trgovina-stirje-elementi\/","og_site_name":"Gaialit","article_modified_time":"2024-06-27T15:00:07+00:00","og_image":[{"width":1188,"height":1188,"url":"https:\/\/gaialit.com\/wp-content\/uploads\/2020\/10\/Magneti-Edition1-za-splet.jpg","type":"image\/jpeg"}],"twitter_card":"summary_large_image","twitter_misc":{"Est. reading time":"1 minuta"},"schema":{"@context":"https:\/\/schema.org","@graph":[{"@type":"WebPage","@id":"https:\/\/gaialit.com\/sl\/product\/set-magnetov-vijolicni-plamen-gaialit-trgovina-stirje-elementi\/","url":"https:\/\/gaialit.com\/sl\/product\/set-magnetov-vijolicni-plamen-gaialit-trgovina-stirje-elementi\/","name":"Set magnetov \"Vijoli\u010dni plamen\" | Gaialit Trgovina, \u0161tirje elementi","isPartOf":{"@id":"https:\/\/gaialit.com\/#website"},"primaryImageOfPage":{"@id":"https:\/\/gaialit.com\/sl\/product\/set-magnetov-vijolicni-plamen-gaialit-trgovina-stirje-elementi\/#primaryimage"},"image":{"@id":"https:\/\/gaialit.com\/sl\/product\/set-magnetov-vijolicni-plamen-gaialit-trgovina-stirje-elementi\/#primaryimage"},"thumbnailUrl":"https:\/\/gaialit.com\/wp-content\/uploads\/2020\/10\/Magneti-Edition1-za-splet.jpg","datePublished":"2020-10-17T17:26:57+00:00","dateModified":"2024-06-27T15:00:07+00:00","description":"Komplet magnetov \" Vijoli\u010dni plamen\" cca 6 x 6 cm. Elementi: OGENJ, ZEMLJA, ZRAK, VODA, tiskani na magnetni papir.","breadcrumb":{"@id":"https:\/\/gaialit.com\/sl\/product\/set-magnetov-vijolicni-plamen-gaialit-trgovina-stirje-elementi\/#breadcrumb"},"inLanguage":"sl-SI","potentialAction":[{"@type":"ReadAction","target":["https:\/\/gaialit.com\/sl\/product\/set-magnetov-vijolicni-plamen-gaialit-trgovina-stirje-elementi\/"]}]},{"@type":"ImageObject","inLanguage":"sl-SI","@id":"https:\/\/gaialit.com\/sl\/product\/set-magnetov-vijolicni-plamen-gaialit-trgovina-stirje-elementi\/#primaryimage","url":"https:\/\/gaialit.com\/wp-content\/uploads\/2020\/10\/Magneti-Edition1-za-splet.jpg","contentUrl":"https:\/\/gaialit.com\/wp-content\/uploads\/2020\/10\/Magneti-Edition1-za-splet.jpg","width":1188,"height":1188},{"@type":"BreadcrumbList","@id":"https:\/\/gaialit.com\/sl\/product\/set-magnetov-vijolicni-plamen-gaialit-trgovina-stirje-elementi\/#breadcrumb","itemListElement":[{"@type":"ListItem","position":1,"name":"Domov","item":"https:\/\/gaialit.com\/"},{"@type":"ListItem","position":2,"name":"Trgovina","item":"https:\/\/gaialit.com\/shop-2\/"},{"@type":"ListItem","position":3,"name":"Komplet \u0161tirih magnetov &#8220;Vijoli\u010dni plamen&#8221;"}]},{"@type":"WebSite","@id":"https:\/\/gaialit.com\/#website","url":"https:\/\/gaialit.com\/","name":"Gaialit","description":"personalised gaialit stones, personal growth | Strong connection, earth energies","publisher":{"@id":"https:\/\/gaialit.com\/#organization"},"potentialAction":[{"@type":"SearchAction","target":{"@type":"EntryPoint","urlTemplate":"https:\/\/gaialit.com\/?s={search_term_string}"},"query-input":{"@type":"PropertyValueSpecification","valueRequired":true,"valueName":"search_term_string"}}],"inLanguage":"sl-SI"},{"@type":"Organization","@id":"https:\/\/gaialit.com\/#organization","name":"Gaialit","url":"https:\/\/gaialit.com\/","logo":{"@type":"ImageObject","inLanguage":"sl-SI","@id":"https:\/\/gaialit.com\/#\/schema\/logo\/image\/","url":"https:\/\/gaialit.com\/wp-content\/uploads\/2022\/03\/Gaialit-logo-new.png","contentUrl":"https:\/\/gaialit.com\/wp-content\/uploads\/2022\/03\/Gaialit-logo-new.png","width":1339,"height":418,"caption":"Gaialit"},"image":{"@id":"https:\/\/gaialit.com\/#\/schema\/logo\/image\/"}}]}},"_links":{"self":[{"href":"https:\/\/gaialit.com\/sl\/wp-json\/wp\/v2\/product\/23615","targetHints":{"allow":["GET"]}}],"collection":[{"href":"https:\/\/gaialit.com\/sl\/wp-json\/wp\/v2\/product"}],"about":[{"href":"https:\/\/gaialit.com\/sl\/wp-json\/wp\/v2\/types\/product"}],"wp:featuredmedia":[{"embeddable":true,"href":"https:\/\/gaialit.com\/sl\/wp-json\/wp\/v2\/media\/23616"}],"wp:attachment":[{"href":"https:\/\/gaialit.com\/sl\/wp-json\/wp\/v2\/media?parent=23615"}],"wp:term":[{"taxonomy":"product_brand","embeddable":true,"href":"https:\/\/gaialit.com\/sl\/wp-json\/wp\/v2\/product_brand?post=23615"},{"taxonomy":"product_cat","embeddable":true,"href":"https:\/\/gaialit.com\/sl\/wp-json\/wp\/v2\/product_cat?post=23615"},{"taxonomy":"product_tag","embeddable":true,"href":"https:\/\/gaialit.com\/sl\/wp-json\/wp\/v2\/product_tag?post=23615"}],"curies":[{"name":"wp","href":"https:\/\/api.w.org\/{rel}","templated":true}]}}