{"id":23585,"date":"2020-11-04T15:51:34","date_gmt":"2020-11-04T15:51:34","guid":{"rendered":"https:\/\/gaialit.com\/product\/pendant-firewalk-on-petrified-wood\/"},"modified":"2024-06-27T17:00:06","modified_gmt":"2024-06-27T15:00:06","slug":"obesek-okameneli-les-hoja-po-zerjavici-ogenj","status":"publish","type":"product","link":"https:\/\/gaialit.com\/sl\/product\/obesek-okameneli-les-hoja-po-zerjavici-ogenj\/","title":{"rendered":"Obesek-okameneli les: &#8220;Hoja po \u017eerjavici&#8221;"},"content":{"rendered":"<p style=\"text-align: justify;\"><strong>Obeski GAIALIT so poldragi kamni s SIMBOLI \u0160TIRIH ELEMENTOV. Simboli so najprej ustvarjeni kot intuitivne ro\u010dne poslikave prodnikov v obliki mandale, nato pa se na obeske prenesejo s posebno tehniko 3D tiska, ki omogo\u010da rahlo dvignjen, reliefni simbol. No\u0161enje obeska pomaga pri prizemljevanju in \/ ali podpori svoje osebne energije in ponovnem povezovanju z elementarnimi energijami planeta.<\/strong><\/p>\n<p><strong>Element: OGENJ | Pomen simbola: HOJA PO \u017dERJAVICI<\/strong><\/p>\n<p>Simbol predstavlja <strong>ritual poguma<\/strong>, ki se izvaja v mnogih kulturah. Prikazuje ognjene duhove v sodelovanju s \u010dlovekovo namero, da izvede osebni ritual obvladovanja strahu. Izvajajo ga \u0161tevilne kulture na razli\u010dnih koncih sveta, pri \u010demer najzgodnej\u0161a referenca izvira iz \u017eelezne dobe. <strong>Namen hoje preko \u017eare\u010dega oglja je simboli\u010dno iz\u017egati staro, da se ustvari prostor za novo energijo.<\/strong> Hoja po \u017eerjavici je <strong>simboli\u010dna izku\u0161nja<\/strong>, ki zahteva samoiniciacijo v pogum, da bi lahko \u0161li skozi ogenj spremembe. Ta izku\u0161nja nam lahko pomaga, da se spoprimemo z vsemi \u017eivljenjskimi izzivi.<\/p>\n<p><strong>Okameneli les<\/strong><\/p>\n<p>Okameneli les je kamen preobrazbe. Pridobimo ga iz posebne vrste fosiliziranih ostankov rastlinstva, ki okameni kot rezultat procesa mineralizacije.<\/p>\n<p>Lastnosti:<\/p>\n<ul>\n<li>zelo ozemljeno, pomirjujo\u010de delovanje<\/li>\n<li>pomaga pri u\u010denju potrpljenja<\/li>\n<li>pomaga se znebiti negativnega genetskega programiranja<\/li>\n<li>povezuje z materjo zemljo<\/li>\n<li>spodbuja koncentracijo<\/li>\n<li>spodbuja dolo\u010danje ciljev<\/li>\n<\/ul>\n","protected":false},"excerpt":{"rendered":"<p><strong>Energijski kamniti obesek<\/strong><\/p>\n<ul>\n<li>Unikatni obesek za ogrlico s3D simbolom<\/li>\n<li>Materiali: poldragi kamen, medij za 3D tisk, medenina.<\/li>\n<\/ul>\n<p><strong>OPOMBA:<\/strong><\/p>\n<p><strong>Vsak obesek je unikaten, oblika in vzorec kamna se razlikujeta od kosa do kosa. Slika je simboli\u010dna.<\/strong><\/p>\n","protected":false},"featured_media":23586,"template":"","meta":{"site-sidebar-layout":"default","site-content-layout":"default","ast-site-content-layout":"default","site-content-style":"default","site-sidebar-style":"default","ast-global-header-display":"","ast-banner-title-visibility":"","ast-main-header-display":"","ast-hfb-above-header-display":"","ast-hfb-below-header-display":"","ast-hfb-mobile-header-display":"","site-post-title":"","ast-breadcrumbs-content":"","ast-featured-img":"","footer-sml-layout":"","ast-disable-related-posts":"","theme-transparent-header-meta":"default","adv-header-id-meta":"","stick-header-meta":"default","header-above-stick-meta":"","header-main-stick-meta":"","header-below-stick-meta":"","astra-migrate-meta-layouts":"default","ast-page-background-enabled":"default","ast-page-background-meta":{"desktop":{"background-color":"","background-image":"","background-repeat":"repeat","background-position":"center center","background-size":"auto","background-attachment":"scroll","background-type":"","background-media":"","overlay-type":"","overlay-color":"","overlay-opacity":"","overlay-gradient":""},"tablet":{"background-color":"","background-image":"","background-repeat":"repeat","background-position":"center center","background-size":"auto","background-attachment":"scroll","background-type":"","background-media":"","overlay-type":"","overlay-color":"","overlay-opacity":"","overlay-gradient":""},"mobile":{"background-color":"","background-image":"","background-repeat":"repeat","background-position":"center center","background-size":"auto","background-attachment":"scroll","background-type":"","background-media":"","overlay-type":"","overlay-color":"","overlay-opacity":"","overlay-gradient":""}},"ast-content-background-meta":{"desktop":{"background-color":"var(--ast-global-color-5)","background-image":"","background-repeat":"repeat","background-position":"center center","background-size":"auto","background-attachment":"scroll","background-type":"","background-media":"","overlay-type":"","overlay-color":"","overlay-opacity":"","overlay-gradient":""},"tablet":{"background-color":"var(--ast-global-color-5)","background-image":"","background-repeat":"repeat","background-position":"center center","background-size":"auto","background-attachment":"scroll","background-type":"","background-media":"","overlay-type":"","overlay-color":"","overlay-opacity":"","overlay-gradient":""},"mobile":{"background-color":"var(--ast-global-color-5)","background-image":"","background-repeat":"repeat","background-position":"center center","background-size":"auto","background-attachment":"scroll","background-type":"","background-media":"","overlay-type":"","overlay-color":"","overlay-opacity":"","overlay-gradient":""}}},"product_brand":[],"product_cat":[226,180],"product_tag":[125],"class_list":{"0":"post-23585","1":"product","2":"type-product","3":"status-publish","4":"has-post-thumbnail","6":"product_cat-gaialit-obeski","7":"product_cat-vsi-izdelki","8":"product_tag-connected-sl","9":"desktop-align-center","10":"tablet-align-center","11":"mobile-align-center","12":"ast-product-gallery-layout-horizontal-slider","13":"ast-product-tabs-layout-horizontal","15":"first","16":"instock","17":"shipping-taxable","18":"purchasable","19":"product-type-simple"},"yoast_head":"<!-- This site is optimized with the Yoast SEO plugin v27.4 - https:\/\/yoast.com\/product\/yoast-seo-wordpress\/ -->\n<title>Obesek kamniti - &quot;Hoja po \u017eerjavici&quot; | Trgovina Gaialit, element OGENJ<\/title>\n<meta name=\"description\" content=\"Obesek za ogrlico - poldragi kamen s posebnim 3D tiskanim simbolom. Popolno darilo za va\u0161o osebno rast. Element: OGENJ. Klikni tukaj.\" \/>\n<meta name=\"robots\" content=\"index, follow, max-snippet:-1, max-image-preview:large, max-video-preview:-1\" \/>\n<link rel=\"canonical\" href=\"https:\/\/gaialit.com\/sl\/product\/obesek-okameneli-les-hoja-po-zerjavici-ogenj\/\" \/>\n<meta property=\"og:locale\" content=\"sl_SI\" \/>\n<meta property=\"og:type\" content=\"article\" \/>\n<meta property=\"og:title\" content=\"Obesek kamniti - &quot;Hoja po \u017eerjavici&quot; | Trgovina Gaialit, element OGENJ\" \/>\n<meta property=\"og:description\" content=\"Obesek za ogrlico - poldragi kamen s posebnim 3D tiskanim simbolom. Popolno darilo za va\u0161o osebno rast. Element: OGENJ. Klikni tukaj.\" \/>\n<meta property=\"og:url\" content=\"https:\/\/gaialit.com\/sl\/product\/obesek-okameneli-les-hoja-po-zerjavici-ogenj\/\" \/>\n<meta property=\"og:site_name\" content=\"Gaialit\" \/>\n<meta property=\"article:modified_time\" content=\"2024-06-27T15:00:06+00:00\" \/>\n<meta property=\"og:image\" content=\"https:\/\/gaialit.com\/wp-content\/uploads\/2020\/11\/PENDANT-FIREWALK-PETRIFWOO.jpg\" \/>\n\t<meta property=\"og:image:width\" content=\"900\" \/>\n\t<meta property=\"og:image:height\" content=\"900\" \/>\n\t<meta property=\"og:image:type\" content=\"image\/jpeg\" \/>\n<meta name=\"twitter:card\" content=\"summary_large_image\" \/>\n<meta name=\"twitter:label1\" content=\"Est. reading time\" \/>\n\t<meta name=\"twitter:data1\" content=\"1 minuta\" \/>\n<script type=\"application\/ld+json\" class=\"yoast-schema-graph\">{\"@context\":\"https:\\\/\\\/schema.org\",\"@graph\":[{\"@type\":\"WebPage\",\"@id\":\"https:\\\/\\\/gaialit.com\\\/sl\\\/product\\\/obesek-okameneli-les-hoja-po-zerjavici-ogenj\\\/\",\"url\":\"https:\\\/\\\/gaialit.com\\\/sl\\\/product\\\/obesek-okameneli-les-hoja-po-zerjavici-ogenj\\\/\",\"name\":\"Obesek kamniti - \\\"Hoja po \u017eerjavici\\\" | Trgovina Gaialit, element OGENJ\",\"isPartOf\":{\"@id\":\"https:\\\/\\\/gaialit.com\\\/#website\"},\"primaryImageOfPage\":{\"@id\":\"https:\\\/\\\/gaialit.com\\\/sl\\\/product\\\/obesek-okameneli-les-hoja-po-zerjavici-ogenj\\\/#primaryimage\"},\"image\":{\"@id\":\"https:\\\/\\\/gaialit.com\\\/sl\\\/product\\\/obesek-okameneli-les-hoja-po-zerjavici-ogenj\\\/#primaryimage\"},\"thumbnailUrl\":\"https:\\\/\\\/gaialit.com\\\/wp-content\\\/uploads\\\/2020\\\/11\\\/PENDANT-FIREWALK-PETRIFWOO.jpg\",\"datePublished\":\"2020-11-04T15:51:34+00:00\",\"dateModified\":\"2024-06-27T15:00:06+00:00\",\"description\":\"Obesek za ogrlico - poldragi kamen s posebnim 3D tiskanim simbolom. Popolno darilo za va\u0161o osebno rast. Element: OGENJ. Klikni tukaj.\",\"breadcrumb\":{\"@id\":\"https:\\\/\\\/gaialit.com\\\/sl\\\/product\\\/obesek-okameneli-les-hoja-po-zerjavici-ogenj\\\/#breadcrumb\"},\"inLanguage\":\"sl-SI\",\"potentialAction\":[{\"@type\":\"ReadAction\",\"target\":[\"https:\\\/\\\/gaialit.com\\\/sl\\\/product\\\/obesek-okameneli-les-hoja-po-zerjavici-ogenj\\\/\"]}]},{\"@type\":\"ImageObject\",\"inLanguage\":\"sl-SI\",\"@id\":\"https:\\\/\\\/gaialit.com\\\/sl\\\/product\\\/obesek-okameneli-les-hoja-po-zerjavici-ogenj\\\/#primaryimage\",\"url\":\"https:\\\/\\\/gaialit.com\\\/wp-content\\\/uploads\\\/2020\\\/11\\\/PENDANT-FIREWALK-PETRIFWOO.jpg\",\"contentUrl\":\"https:\\\/\\\/gaialit.com\\\/wp-content\\\/uploads\\\/2020\\\/11\\\/PENDANT-FIREWALK-PETRIFWOO.jpg\",\"width\":900,\"height\":900},{\"@type\":\"BreadcrumbList\",\"@id\":\"https:\\\/\\\/gaialit.com\\\/sl\\\/product\\\/obesek-okameneli-les-hoja-po-zerjavici-ogenj\\\/#breadcrumb\",\"itemListElement\":[{\"@type\":\"ListItem\",\"position\":1,\"name\":\"Domov\",\"item\":\"https:\\\/\\\/gaialit.com\\\/\"},{\"@type\":\"ListItem\",\"position\":2,\"name\":\"Trgovina\",\"item\":\"https:\\\/\\\/gaialit.com\\\/shop-2\\\/\"},{\"@type\":\"ListItem\",\"position\":3,\"name\":\"Obesek-okameneli les: &#8220;Hoja po \u017eerjavici&#8221;\"}]},{\"@type\":\"WebSite\",\"@id\":\"https:\\\/\\\/gaialit.com\\\/#website\",\"url\":\"https:\\\/\\\/gaialit.com\\\/\",\"name\":\"Gaialit\",\"description\":\"personalised gaialit stones, personal growth | Strong connection, earth energies\",\"publisher\":{\"@id\":\"https:\\\/\\\/gaialit.com\\\/#organization\"},\"potentialAction\":[{\"@type\":\"SearchAction\",\"target\":{\"@type\":\"EntryPoint\",\"urlTemplate\":\"https:\\\/\\\/gaialit.com\\\/?s={search_term_string}\"},\"query-input\":{\"@type\":\"PropertyValueSpecification\",\"valueRequired\":true,\"valueName\":\"search_term_string\"}}],\"inLanguage\":\"sl-SI\"},{\"@type\":\"Organization\",\"@id\":\"https:\\\/\\\/gaialit.com\\\/#organization\",\"name\":\"Gaialit\",\"url\":\"https:\\\/\\\/gaialit.com\\\/\",\"logo\":{\"@type\":\"ImageObject\",\"inLanguage\":\"sl-SI\",\"@id\":\"https:\\\/\\\/gaialit.com\\\/#\\\/schema\\\/logo\\\/image\\\/\",\"url\":\"https:\\\/\\\/gaialit.com\\\/wp-content\\\/uploads\\\/2022\\\/03\\\/Gaialit-logo-new.png\",\"contentUrl\":\"https:\\\/\\\/gaialit.com\\\/wp-content\\\/uploads\\\/2022\\\/03\\\/Gaialit-logo-new.png\",\"width\":1339,\"height\":418,\"caption\":\"Gaialit\"},\"image\":{\"@id\":\"https:\\\/\\\/gaialit.com\\\/#\\\/schema\\\/logo\\\/image\\\/\"}}]}<\/script>\n<!-- \/ Yoast SEO plugin. -->","yoast_head_json":{"title":"Obesek kamniti - \"Hoja po \u017eerjavici\" | Trgovina Gaialit, element OGENJ","description":"Obesek za ogrlico - poldragi kamen s posebnim 3D tiskanim simbolom. Popolno darilo za va\u0161o osebno rast. Element: OGENJ. Klikni tukaj.","robots":{"index":"index","follow":"follow","max-snippet":"max-snippet:-1","max-image-preview":"max-image-preview:large","max-video-preview":"max-video-preview:-1"},"canonical":"https:\/\/gaialit.com\/sl\/product\/obesek-okameneli-les-hoja-po-zerjavici-ogenj\/","og_locale":"sl_SI","og_type":"article","og_title":"Obesek kamniti - \"Hoja po \u017eerjavici\" | Trgovina Gaialit, element OGENJ","og_description":"Obesek za ogrlico - poldragi kamen s posebnim 3D tiskanim simbolom. Popolno darilo za va\u0161o osebno rast. Element: OGENJ. Klikni tukaj.","og_url":"https:\/\/gaialit.com\/sl\/product\/obesek-okameneli-les-hoja-po-zerjavici-ogenj\/","og_site_name":"Gaialit","article_modified_time":"2024-06-27T15:00:06+00:00","og_image":[{"width":900,"height":900,"url":"https:\/\/gaialit.com\/wp-content\/uploads\/2020\/11\/PENDANT-FIREWALK-PETRIFWOO.jpg","type":"image\/jpeg"}],"twitter_card":"summary_large_image","twitter_misc":{"Est. reading time":"1 minuta"},"schema":{"@context":"https:\/\/schema.org","@graph":[{"@type":"WebPage","@id":"https:\/\/gaialit.com\/sl\/product\/obesek-okameneli-les-hoja-po-zerjavici-ogenj\/","url":"https:\/\/gaialit.com\/sl\/product\/obesek-okameneli-les-hoja-po-zerjavici-ogenj\/","name":"Obesek kamniti - \"Hoja po \u017eerjavici\" | Trgovina Gaialit, element OGENJ","isPartOf":{"@id":"https:\/\/gaialit.com\/#website"},"primaryImageOfPage":{"@id":"https:\/\/gaialit.com\/sl\/product\/obesek-okameneli-les-hoja-po-zerjavici-ogenj\/#primaryimage"},"image":{"@id":"https:\/\/gaialit.com\/sl\/product\/obesek-okameneli-les-hoja-po-zerjavici-ogenj\/#primaryimage"},"thumbnailUrl":"https:\/\/gaialit.com\/wp-content\/uploads\/2020\/11\/PENDANT-FIREWALK-PETRIFWOO.jpg","datePublished":"2020-11-04T15:51:34+00:00","dateModified":"2024-06-27T15:00:06+00:00","description":"Obesek za ogrlico - poldragi kamen s posebnim 3D tiskanim simbolom. Popolno darilo za va\u0161o osebno rast. Element: OGENJ. Klikni tukaj.","breadcrumb":{"@id":"https:\/\/gaialit.com\/sl\/product\/obesek-okameneli-les-hoja-po-zerjavici-ogenj\/#breadcrumb"},"inLanguage":"sl-SI","potentialAction":[{"@type":"ReadAction","target":["https:\/\/gaialit.com\/sl\/product\/obesek-okameneli-les-hoja-po-zerjavici-ogenj\/"]}]},{"@type":"ImageObject","inLanguage":"sl-SI","@id":"https:\/\/gaialit.com\/sl\/product\/obesek-okameneli-les-hoja-po-zerjavici-ogenj\/#primaryimage","url":"https:\/\/gaialit.com\/wp-content\/uploads\/2020\/11\/PENDANT-FIREWALK-PETRIFWOO.jpg","contentUrl":"https:\/\/gaialit.com\/wp-content\/uploads\/2020\/11\/PENDANT-FIREWALK-PETRIFWOO.jpg","width":900,"height":900},{"@type":"BreadcrumbList","@id":"https:\/\/gaialit.com\/sl\/product\/obesek-okameneli-les-hoja-po-zerjavici-ogenj\/#breadcrumb","itemListElement":[{"@type":"ListItem","position":1,"name":"Domov","item":"https:\/\/gaialit.com\/"},{"@type":"ListItem","position":2,"name":"Trgovina","item":"https:\/\/gaialit.com\/shop-2\/"},{"@type":"ListItem","position":3,"name":"Obesek-okameneli les: &#8220;Hoja po \u017eerjavici&#8221;"}]},{"@type":"WebSite","@id":"https:\/\/gaialit.com\/#website","url":"https:\/\/gaialit.com\/","name":"Gaialit","description":"personalised gaialit stones, personal growth | Strong connection, earth energies","publisher":{"@id":"https:\/\/gaialit.com\/#organization"},"potentialAction":[{"@type":"SearchAction","target":{"@type":"EntryPoint","urlTemplate":"https:\/\/gaialit.com\/?s={search_term_string}"},"query-input":{"@type":"PropertyValueSpecification","valueRequired":true,"valueName":"search_term_string"}}],"inLanguage":"sl-SI"},{"@type":"Organization","@id":"https:\/\/gaialit.com\/#organization","name":"Gaialit","url":"https:\/\/gaialit.com\/","logo":{"@type":"ImageObject","inLanguage":"sl-SI","@id":"https:\/\/gaialit.com\/#\/schema\/logo\/image\/","url":"https:\/\/gaialit.com\/wp-content\/uploads\/2022\/03\/Gaialit-logo-new.png","contentUrl":"https:\/\/gaialit.com\/wp-content\/uploads\/2022\/03\/Gaialit-logo-new.png","width":1339,"height":418,"caption":"Gaialit"},"image":{"@id":"https:\/\/gaialit.com\/#\/schema\/logo\/image\/"}}]}},"_links":{"self":[{"href":"https:\/\/gaialit.com\/sl\/wp-json\/wp\/v2\/product\/23585","targetHints":{"allow":["GET"]}}],"collection":[{"href":"https:\/\/gaialit.com\/sl\/wp-json\/wp\/v2\/product"}],"about":[{"href":"https:\/\/gaialit.com\/sl\/wp-json\/wp\/v2\/types\/product"}],"wp:featuredmedia":[{"embeddable":true,"href":"https:\/\/gaialit.com\/sl\/wp-json\/wp\/v2\/media\/23586"}],"wp:attachment":[{"href":"https:\/\/gaialit.com\/sl\/wp-json\/wp\/v2\/media?parent=23585"}],"wp:term":[{"taxonomy":"product_brand","embeddable":true,"href":"https:\/\/gaialit.com\/sl\/wp-json\/wp\/v2\/product_brand?post=23585"},{"taxonomy":"product_cat","embeddable":true,"href":"https:\/\/gaialit.com\/sl\/wp-json\/wp\/v2\/product_cat?post=23585"},{"taxonomy":"product_tag","embeddable":true,"href":"https:\/\/gaialit.com\/sl\/wp-json\/wp\/v2\/product_tag?post=23585"}],"curies":[{"name":"wp","href":"https:\/\/api.w.org\/{rel}","templated":true}]}}