{"id":23583,"date":"2020-11-04T18:03:36","date_gmt":"2020-11-04T18:03:36","guid":{"rendered":"https:\/\/gaialit.com\/product\/pendant-the-shaman-on-mahogani-obsidian\/"},"modified":"2024-06-27T17:00:06","modified_gmt":"2024-06-27T15:00:06","slug":"obesek-mahagonij-obsidijan-saman-zemlja","status":"publish","type":"product","link":"https:\/\/gaialit.com\/sl\/product\/obesek-mahagonij-obsidijan-saman-zemlja\/","title":{"rendered":"Obesek-mahagonij obsidijan: &#8220;\u0160aman&#8221;"},"content":{"rendered":"<p style=\"text-align: justify;\"><strong>Obeski GAIALIT so poldragi kamni s SIMBOLI \u0160TIRIH ELEMENTOV. Simboli so najprej ustvarjeni kot intuitivne ro\u010dne poslikave prodnikov v obliki mandale, nato pa se na obeske prenesejo s posebno tehniko 3D tiska, ki omogo\u010da rahlo dvignjen, reliefni simbol. No\u0161enje obeska pomaga pri prizemljevanju in \/ ali podpori svoje osebne energije in ponovnem povezovanju z elementarnimi energijami planeta.<\/strong><\/p>\n<p><strong>Element: ZEMLJA | Pomen simbola: \u0160AMAN<\/strong><\/p>\n<p>Simbol predstavlja na\u0161o sposobnost komunikacije in dela s fizi\u010dnimi bitji narave, kot so totemske \u017eivali in rastline ter duhovni vodniki s podro\u010dja rastlin in \u017eivali. Pomaga pri bolj\u0161em poznavanju samega sebe, izvajanju \u0161amanskih ritualov za ponovno uravnote\u017eenje osebne in zemeljske energije ter pri delu z duhovi narave. Predstavlja pa tudi \u010darobno povezavo s starodavnimi svetimi rastlinami, kot je ayahuasca, mescal &#8230;<\/p>\n<p><strong>Mahagonij Obsidian<\/strong><\/p>\n<p>Mahagonij Obsidian je naravno vulkansko steklo s primesjo magnetita ali hematita. Ti minerali ustvarjajo rde\u010dkasto rjave lise, podobne barvi lesa mahagonija.<\/p>\n<p>Lastnosti:<\/p>\n<ul>\n<li>aktiviranje na\u0161ih spodnjih 3 \u010daker in spodbujanje rasti, spolnosti, mo\u010di, ustvarjalnosti in strasti,<\/li>\n<li>\u010di\u0161\u010denje avre<\/li>\n<li>za\u0161\u010dita in ozemljitev<\/li>\n<li>odpravljanje energijskih blokad, razbremenitev napetosti, uresni\u010devanje misli in idej ter spodbujanje rasti na vseh ravneh<\/li>\n<li>pomo\u010d pri ponovni povezavi in \u200b\u200bponovnem uveljavljanju mo\u010di<\/li>\n<li>pomaga pri odlo\u010danju<\/li>\n<li>naj bi bil koristen pri razstrupljanju (pove\u010danju delovanja jeter in ledvic) ter laj\u0161anju bole\u010din<\/li>\n<\/ul>\n","protected":false},"excerpt":{"rendered":"<p><strong>Energijski kamniti obesek<\/strong><\/p>\n<ul>\n<li>Unikatni obesek za ogrlico s3D simbolom<\/li>\n<li>Materiali: poldragi kamen, medij za 3D tisk, medenina.<\/li>\n<\/ul>\n<p><strong>OPOMBA:<\/strong><\/p>\n<p><strong>Vsak obesek je unikaten, oblika in vzorec kamna se razlikujeta od kosa do kosa. Slika je simboli\u010dna.<\/strong><\/p>\n","protected":false},"featured_media":23584,"template":"","meta":{"site-sidebar-layout":"default","site-content-layout":"default","ast-site-content-layout":"default","site-content-style":"default","site-sidebar-style":"default","ast-global-header-display":"","ast-banner-title-visibility":"","ast-main-header-display":"","ast-hfb-above-header-display":"","ast-hfb-below-header-display":"","ast-hfb-mobile-header-display":"","site-post-title":"","ast-breadcrumbs-content":"","ast-featured-img":"","footer-sml-layout":"","ast-disable-related-posts":"","theme-transparent-header-meta":"default","adv-header-id-meta":"","stick-header-meta":"default","header-above-stick-meta":"","header-main-stick-meta":"","header-below-stick-meta":"","astra-migrate-meta-layouts":"default","ast-page-background-enabled":"default","ast-page-background-meta":{"desktop":{"background-color":"","background-image":"","background-repeat":"repeat","background-position":"center center","background-size":"auto","background-attachment":"scroll","background-type":"","background-media":"","overlay-type":"","overlay-color":"","overlay-opacity":"","overlay-gradient":""},"tablet":{"background-color":"","background-image":"","background-repeat":"repeat","background-position":"center center","background-size":"auto","background-attachment":"scroll","background-type":"","background-media":"","overlay-type":"","overlay-color":"","overlay-opacity":"","overlay-gradient":""},"mobile":{"background-color":"","background-image":"","background-repeat":"repeat","background-position":"center center","background-size":"auto","background-attachment":"scroll","background-type":"","background-media":"","overlay-type":"","overlay-color":"","overlay-opacity":"","overlay-gradient":""}},"ast-content-background-meta":{"desktop":{"background-color":"var(--ast-global-color-5)","background-image":"","background-repeat":"repeat","background-position":"center center","background-size":"auto","background-attachment":"scroll","background-type":"","background-media":"","overlay-type":"","overlay-color":"","overlay-opacity":"","overlay-gradient":""},"tablet":{"background-color":"var(--ast-global-color-5)","background-image":"","background-repeat":"repeat","background-position":"center center","background-size":"auto","background-attachment":"scroll","background-type":"","background-media":"","overlay-type":"","overlay-color":"","overlay-opacity":"","overlay-gradient":""},"mobile":{"background-color":"var(--ast-global-color-5)","background-image":"","background-repeat":"repeat","background-position":"center center","background-size":"auto","background-attachment":"scroll","background-type":"","background-media":"","overlay-type":"","overlay-color":"","overlay-opacity":"","overlay-gradient":""}}},"product_brand":[],"product_cat":[226,180],"product_tag":[125],"class_list":{"0":"post-23583","1":"product","2":"type-product","3":"status-publish","4":"has-post-thumbnail","6":"product_cat-gaialit-obeski","7":"product_cat-vsi-izdelki","8":"product_tag-connected-sl","9":"desktop-align-center","10":"tablet-align-center","11":"mobile-align-center","12":"ast-product-gallery-layout-horizontal-slider","13":"ast-product-tabs-layout-horizontal","15":"first","16":"instock","17":"shipping-taxable","18":"purchasable","19":"product-type-simple"},"yoast_head":"<!-- This site is optimized with the Yoast SEO plugin v27.4 - https:\/\/yoast.com\/product\/yoast-seo-wordpress\/ -->\n<title>Obesek kamniti - &quot;\u0160aman&quot; | Trgovina Gaialit, element ZEMLJA<\/title>\n<meta name=\"description\" content=\"Obesek za ogrlico - poldragi kamen s posebnim 3D tiskanim simbolom. Popolno darilo za va\u0161o osebno rast. Element: ZEMLJA. Klikni tukaj.\" \/>\n<meta name=\"robots\" content=\"index, follow, max-snippet:-1, max-image-preview:large, max-video-preview:-1\" \/>\n<link rel=\"canonical\" href=\"https:\/\/gaialit.com\/sl\/product\/obesek-mahagonij-obsidijan-saman-zemlja\/\" \/>\n<meta property=\"og:locale\" content=\"sl_SI\" \/>\n<meta property=\"og:type\" content=\"article\" \/>\n<meta property=\"og:title\" content=\"Obesek kamniti - &quot;\u0160aman&quot; | Trgovina Gaialit, element ZEMLJA\" \/>\n<meta property=\"og:description\" content=\"Obesek za ogrlico - poldragi kamen s posebnim 3D tiskanim simbolom. Popolno darilo za va\u0161o osebno rast. Element: ZEMLJA. Klikni tukaj.\" \/>\n<meta property=\"og:url\" content=\"https:\/\/gaialit.com\/sl\/product\/obesek-mahagonij-obsidijan-saman-zemlja\/\" \/>\n<meta property=\"og:site_name\" content=\"Gaialit\" \/>\n<meta property=\"article:modified_time\" content=\"2024-06-27T15:00:06+00:00\" \/>\n<meta property=\"og:image\" content=\"https:\/\/gaialit.com\/wp-content\/uploads\/2020\/11\/Shaman-Obsidian.jpg\" \/>\n\t<meta property=\"og:image:width\" content=\"900\" \/>\n\t<meta property=\"og:image:height\" content=\"901\" \/>\n\t<meta property=\"og:image:type\" content=\"image\/jpeg\" \/>\n<meta name=\"twitter:card\" content=\"summary_large_image\" \/>\n<meta name=\"twitter:label1\" content=\"Est. reading time\" \/>\n\t<meta name=\"twitter:data1\" content=\"1 minuta\" \/>\n<script type=\"application\/ld+json\" class=\"yoast-schema-graph\">{\"@context\":\"https:\\\/\\\/schema.org\",\"@graph\":[{\"@type\":\"WebPage\",\"@id\":\"https:\\\/\\\/gaialit.com\\\/sl\\\/product\\\/obesek-mahagonij-obsidijan-saman-zemlja\\\/\",\"url\":\"https:\\\/\\\/gaialit.com\\\/sl\\\/product\\\/obesek-mahagonij-obsidijan-saman-zemlja\\\/\",\"name\":\"Obesek kamniti - \\\"\u0160aman\\\" | Trgovina Gaialit, element ZEMLJA\",\"isPartOf\":{\"@id\":\"https:\\\/\\\/gaialit.com\\\/#website\"},\"primaryImageOfPage\":{\"@id\":\"https:\\\/\\\/gaialit.com\\\/sl\\\/product\\\/obesek-mahagonij-obsidijan-saman-zemlja\\\/#primaryimage\"},\"image\":{\"@id\":\"https:\\\/\\\/gaialit.com\\\/sl\\\/product\\\/obesek-mahagonij-obsidijan-saman-zemlja\\\/#primaryimage\"},\"thumbnailUrl\":\"https:\\\/\\\/gaialit.com\\\/wp-content\\\/uploads\\\/2020\\\/11\\\/Shaman-Obsidian.jpg\",\"datePublished\":\"2020-11-04T18:03:36+00:00\",\"dateModified\":\"2024-06-27T15:00:06+00:00\",\"description\":\"Obesek za ogrlico - poldragi kamen s posebnim 3D tiskanim simbolom. Popolno darilo za va\u0161o osebno rast. Element: ZEMLJA. Klikni tukaj.\",\"breadcrumb\":{\"@id\":\"https:\\\/\\\/gaialit.com\\\/sl\\\/product\\\/obesek-mahagonij-obsidijan-saman-zemlja\\\/#breadcrumb\"},\"inLanguage\":\"sl-SI\",\"potentialAction\":[{\"@type\":\"ReadAction\",\"target\":[\"https:\\\/\\\/gaialit.com\\\/sl\\\/product\\\/obesek-mahagonij-obsidijan-saman-zemlja\\\/\"]}]},{\"@type\":\"ImageObject\",\"inLanguage\":\"sl-SI\",\"@id\":\"https:\\\/\\\/gaialit.com\\\/sl\\\/product\\\/obesek-mahagonij-obsidijan-saman-zemlja\\\/#primaryimage\",\"url\":\"https:\\\/\\\/gaialit.com\\\/wp-content\\\/uploads\\\/2020\\\/11\\\/Shaman-Obsidian.jpg\",\"contentUrl\":\"https:\\\/\\\/gaialit.com\\\/wp-content\\\/uploads\\\/2020\\\/11\\\/Shaman-Obsidian.jpg\",\"width\":900,\"height\":901},{\"@type\":\"BreadcrumbList\",\"@id\":\"https:\\\/\\\/gaialit.com\\\/sl\\\/product\\\/obesek-mahagonij-obsidijan-saman-zemlja\\\/#breadcrumb\",\"itemListElement\":[{\"@type\":\"ListItem\",\"position\":1,\"name\":\"Domov\",\"item\":\"https:\\\/\\\/gaialit.com\\\/\"},{\"@type\":\"ListItem\",\"position\":2,\"name\":\"Trgovina\",\"item\":\"https:\\\/\\\/gaialit.com\\\/shop-2\\\/\"},{\"@type\":\"ListItem\",\"position\":3,\"name\":\"Obesek-mahagonij obsidijan: &#8220;\u0160aman&#8221;\"}]},{\"@type\":\"WebSite\",\"@id\":\"https:\\\/\\\/gaialit.com\\\/#website\",\"url\":\"https:\\\/\\\/gaialit.com\\\/\",\"name\":\"Gaialit\",\"description\":\"personalised gaialit stones, personal growth | Strong connection, earth energies\",\"publisher\":{\"@id\":\"https:\\\/\\\/gaialit.com\\\/#organization\"},\"potentialAction\":[{\"@type\":\"SearchAction\",\"target\":{\"@type\":\"EntryPoint\",\"urlTemplate\":\"https:\\\/\\\/gaialit.com\\\/?s={search_term_string}\"},\"query-input\":{\"@type\":\"PropertyValueSpecification\",\"valueRequired\":true,\"valueName\":\"search_term_string\"}}],\"inLanguage\":\"sl-SI\"},{\"@type\":\"Organization\",\"@id\":\"https:\\\/\\\/gaialit.com\\\/#organization\",\"name\":\"Gaialit\",\"url\":\"https:\\\/\\\/gaialit.com\\\/\",\"logo\":{\"@type\":\"ImageObject\",\"inLanguage\":\"sl-SI\",\"@id\":\"https:\\\/\\\/gaialit.com\\\/#\\\/schema\\\/logo\\\/image\\\/\",\"url\":\"https:\\\/\\\/gaialit.com\\\/wp-content\\\/uploads\\\/2022\\\/03\\\/Gaialit-logo-new.png\",\"contentUrl\":\"https:\\\/\\\/gaialit.com\\\/wp-content\\\/uploads\\\/2022\\\/03\\\/Gaialit-logo-new.png\",\"width\":1339,\"height\":418,\"caption\":\"Gaialit\"},\"image\":{\"@id\":\"https:\\\/\\\/gaialit.com\\\/#\\\/schema\\\/logo\\\/image\\\/\"}}]}<\/script>\n<!-- \/ Yoast SEO plugin. -->","yoast_head_json":{"title":"Obesek kamniti - \"\u0160aman\" | Trgovina Gaialit, element ZEMLJA","description":"Obesek za ogrlico - poldragi kamen s posebnim 3D tiskanim simbolom. Popolno darilo za va\u0161o osebno rast. Element: ZEMLJA. Klikni tukaj.","robots":{"index":"index","follow":"follow","max-snippet":"max-snippet:-1","max-image-preview":"max-image-preview:large","max-video-preview":"max-video-preview:-1"},"canonical":"https:\/\/gaialit.com\/sl\/product\/obesek-mahagonij-obsidijan-saman-zemlja\/","og_locale":"sl_SI","og_type":"article","og_title":"Obesek kamniti - \"\u0160aman\" | Trgovina Gaialit, element ZEMLJA","og_description":"Obesek za ogrlico - poldragi kamen s posebnim 3D tiskanim simbolom. Popolno darilo za va\u0161o osebno rast. Element: ZEMLJA. Klikni tukaj.","og_url":"https:\/\/gaialit.com\/sl\/product\/obesek-mahagonij-obsidijan-saman-zemlja\/","og_site_name":"Gaialit","article_modified_time":"2024-06-27T15:00:06+00:00","og_image":[{"width":900,"height":901,"url":"https:\/\/gaialit.com\/wp-content\/uploads\/2020\/11\/Shaman-Obsidian.jpg","type":"image\/jpeg"}],"twitter_card":"summary_large_image","twitter_misc":{"Est. reading time":"1 minuta"},"schema":{"@context":"https:\/\/schema.org","@graph":[{"@type":"WebPage","@id":"https:\/\/gaialit.com\/sl\/product\/obesek-mahagonij-obsidijan-saman-zemlja\/","url":"https:\/\/gaialit.com\/sl\/product\/obesek-mahagonij-obsidijan-saman-zemlja\/","name":"Obesek kamniti - \"\u0160aman\" | Trgovina Gaialit, element ZEMLJA","isPartOf":{"@id":"https:\/\/gaialit.com\/#website"},"primaryImageOfPage":{"@id":"https:\/\/gaialit.com\/sl\/product\/obesek-mahagonij-obsidijan-saman-zemlja\/#primaryimage"},"image":{"@id":"https:\/\/gaialit.com\/sl\/product\/obesek-mahagonij-obsidijan-saman-zemlja\/#primaryimage"},"thumbnailUrl":"https:\/\/gaialit.com\/wp-content\/uploads\/2020\/11\/Shaman-Obsidian.jpg","datePublished":"2020-11-04T18:03:36+00:00","dateModified":"2024-06-27T15:00:06+00:00","description":"Obesek za ogrlico - poldragi kamen s posebnim 3D tiskanim simbolom. Popolno darilo za va\u0161o osebno rast. Element: ZEMLJA. Klikni tukaj.","breadcrumb":{"@id":"https:\/\/gaialit.com\/sl\/product\/obesek-mahagonij-obsidijan-saman-zemlja\/#breadcrumb"},"inLanguage":"sl-SI","potentialAction":[{"@type":"ReadAction","target":["https:\/\/gaialit.com\/sl\/product\/obesek-mahagonij-obsidijan-saman-zemlja\/"]}]},{"@type":"ImageObject","inLanguage":"sl-SI","@id":"https:\/\/gaialit.com\/sl\/product\/obesek-mahagonij-obsidijan-saman-zemlja\/#primaryimage","url":"https:\/\/gaialit.com\/wp-content\/uploads\/2020\/11\/Shaman-Obsidian.jpg","contentUrl":"https:\/\/gaialit.com\/wp-content\/uploads\/2020\/11\/Shaman-Obsidian.jpg","width":900,"height":901},{"@type":"BreadcrumbList","@id":"https:\/\/gaialit.com\/sl\/product\/obesek-mahagonij-obsidijan-saman-zemlja\/#breadcrumb","itemListElement":[{"@type":"ListItem","position":1,"name":"Domov","item":"https:\/\/gaialit.com\/"},{"@type":"ListItem","position":2,"name":"Trgovina","item":"https:\/\/gaialit.com\/shop-2\/"},{"@type":"ListItem","position":3,"name":"Obesek-mahagonij obsidijan: &#8220;\u0160aman&#8221;"}]},{"@type":"WebSite","@id":"https:\/\/gaialit.com\/#website","url":"https:\/\/gaialit.com\/","name":"Gaialit","description":"personalised gaialit stones, personal growth | Strong connection, earth energies","publisher":{"@id":"https:\/\/gaialit.com\/#organization"},"potentialAction":[{"@type":"SearchAction","target":{"@type":"EntryPoint","urlTemplate":"https:\/\/gaialit.com\/?s={search_term_string}"},"query-input":{"@type":"PropertyValueSpecification","valueRequired":true,"valueName":"search_term_string"}}],"inLanguage":"sl-SI"},{"@type":"Organization","@id":"https:\/\/gaialit.com\/#organization","name":"Gaialit","url":"https:\/\/gaialit.com\/","logo":{"@type":"ImageObject","inLanguage":"sl-SI","@id":"https:\/\/gaialit.com\/#\/schema\/logo\/image\/","url":"https:\/\/gaialit.com\/wp-content\/uploads\/2022\/03\/Gaialit-logo-new.png","contentUrl":"https:\/\/gaialit.com\/wp-content\/uploads\/2022\/03\/Gaialit-logo-new.png","width":1339,"height":418,"caption":"Gaialit"},"image":{"@id":"https:\/\/gaialit.com\/#\/schema\/logo\/image\/"}}]}},"_links":{"self":[{"href":"https:\/\/gaialit.com\/sl\/wp-json\/wp\/v2\/product\/23583","targetHints":{"allow":["GET"]}}],"collection":[{"href":"https:\/\/gaialit.com\/sl\/wp-json\/wp\/v2\/product"}],"about":[{"href":"https:\/\/gaialit.com\/sl\/wp-json\/wp\/v2\/types\/product"}],"wp:featuredmedia":[{"embeddable":true,"href":"https:\/\/gaialit.com\/sl\/wp-json\/wp\/v2\/media\/23584"}],"wp:attachment":[{"href":"https:\/\/gaialit.com\/sl\/wp-json\/wp\/v2\/media?parent=23583"}],"wp:term":[{"taxonomy":"product_brand","embeddable":true,"href":"https:\/\/gaialit.com\/sl\/wp-json\/wp\/v2\/product_brand?post=23583"},{"taxonomy":"product_cat","embeddable":true,"href":"https:\/\/gaialit.com\/sl\/wp-json\/wp\/v2\/product_cat?post=23583"},{"taxonomy":"product_tag","embeddable":true,"href":"https:\/\/gaialit.com\/sl\/wp-json\/wp\/v2\/product_tag?post=23583"}],"curies":[{"name":"wp","href":"https:\/\/api.w.org\/{rel}","templated":true}]}}