{"id":23577,"date":"2020-11-04T19:28:31","date_gmt":"2020-11-04T19:28:31","guid":{"rendered":"https:\/\/gaialit.com\/product\/transformation-magnet-set\/"},"modified":"2024-06-27T17:00:05","modified_gmt":"2024-06-27T15:00:05","slug":"set-magnetov-transformacija-gaialit-trgovina-stirje-elementi","status":"publish","type":"product","link":"https:\/\/gaialit.com\/sl\/product\/set-magnetov-transformacija-gaialit-trgovina-stirje-elementi\/","title":{"rendered":"Komplet \u0161tirih magnetov &#8220;Transformacija&#8221;"},"content":{"rendered":"<div id=\"description-text\" style=\"text-align: justify;\">\n<p style=\"text-align: justify;\"><img decoding=\"async\" class=\"alignnone wp-image-22780 size-thumbnail\" src=\"https:\/\/gaialit.com\/wp-content\/uploads\/2020\/11\/Magneti-kvadratni6-150x150.jpg\" alt=\"\" width=\"150\" height=\"150\" srcset=\"https:\/\/gaialit.com\/wp-content\/uploads\/2020\/11\/Magneti-kvadratni6-150x150.jpg 150w, https:\/\/gaialit.com\/wp-content\/uploads\/2020\/11\/Magneti-kvadratni6-300x300.jpg 300w, https:\/\/gaialit.com\/wp-content\/uploads\/2020\/11\/Magneti-kvadratni6-500x500.jpg 500w, https:\/\/gaialit.com\/wp-content\/uploads\/2020\/11\/Magneti-kvadratni6-600x600.jpg 600w, https:\/\/gaialit.com\/wp-content\/uploads\/2020\/11\/Magneti-kvadratni6-100x100.jpg 100w, https:\/\/gaialit.com\/wp-content\/uploads\/2020\/11\/Magneti-kvadratni6.jpg 709w\" sizes=\"(max-width: 150px) 100vw, 150px\" \/><\/p>\n<p><strong>Element: OGENJ | Pomen simbola: PREOBRAZBA<\/strong><\/p>\n<p>Simbol je interpretacija Feniksa, ki sije na dveh notranjih ravneh \u2013 na ravni mentala in ravni \u010dustev \u2013 da bi ustvaril pogoje za transformacijo na fizi\u010dni ravni. Feniks tako predstavlja silo popolne preobrazbe na vseh treh ravneh, mentalni, \u010dustveni in fizi\u010dni. Preobrazba, ki je bistveno mo\u010dnej\u0161a od navadnih sprememb, ne dopu\u0161\u010da, da bi zdrsnili nazaj v vzorce starih navad in prepri\u010danj.<\/p>\n<\/div>\n<p><img decoding=\"async\" class=\"alignnone wp-image-22784 size-thumbnail\" style=\"text-align: justify;\" src=\"https:\/\/gaialit.com\/wp-content\/uploads\/2020\/11\/Magneti-kvadratni8-150x150.jpg\" alt=\"\" width=\"150\" height=\"150\" srcset=\"https:\/\/gaialit.com\/wp-content\/uploads\/2020\/11\/Magneti-kvadratni8-150x150.jpg 150w, https:\/\/gaialit.com\/wp-content\/uploads\/2020\/11\/Magneti-kvadratni8-300x300.jpg 300w, https:\/\/gaialit.com\/wp-content\/uploads\/2020\/11\/Magneti-kvadratni8-500x500.jpg 500w, https:\/\/gaialit.com\/wp-content\/uploads\/2020\/11\/Magneti-kvadratni8-600x600.jpg 600w, https:\/\/gaialit.com\/wp-content\/uploads\/2020\/11\/Magneti-kvadratni8-100x100.jpg 100w, https:\/\/gaialit.com\/wp-content\/uploads\/2020\/11\/Magneti-kvadratni8.jpg 709w\" sizes=\"(max-width: 150px) 100vw, 150px\" \/><\/p>\n<p style=\"text-align: justify;\"><strong>Element: ZEMLJA | Pomen simbola: DRUID 2<\/strong><\/p>\n<p>Simbol predstavlja sveti krog, ki ga tvorijo vile in druidi, za za\u0161\u010dito, komunikacijo in delo z elementarnimi bitji narave. V njih so svete vibracije \u017eivljenja in pomlajevanja na\u0161ega planeta. Simbol je opomnik, da si postanemo bli\u017eji s svetimi energijami matere narave in <strong>spo\u0161tujemo razli\u010dna nevidna podro\u010dja, ki \u0161e vedno obstajajo z nami na drugi ravni.<\/strong><\/p>\n<p><img decoding=\"async\" class=\"alignnone wp-image-22783 size-thumbnail\" style=\"text-align: justify;\" src=\"https:\/\/gaialit.com\/wp-content\/uploads\/2020\/11\/Magneti-kvadratni3-150x150.jpg\" alt=\"\" width=\"150\" height=\"150\" srcset=\"https:\/\/gaialit.com\/wp-content\/uploads\/2020\/11\/Magneti-kvadratni3-150x150.jpg 150w, https:\/\/gaialit.com\/wp-content\/uploads\/2020\/11\/Magneti-kvadratni3-300x300.jpg 300w, https:\/\/gaialit.com\/wp-content\/uploads\/2020\/11\/Magneti-kvadratni3-500x500.jpg 500w, https:\/\/gaialit.com\/wp-content\/uploads\/2020\/11\/Magneti-kvadratni3-600x600.jpg 600w, https:\/\/gaialit.com\/wp-content\/uploads\/2020\/11\/Magneti-kvadratni3-100x100.jpg 100w, https:\/\/gaialit.com\/wp-content\/uploads\/2020\/11\/Magneti-kvadratni3.jpg 709w\" sizes=\"(max-width: 150px) 100vw, 150px\" \/><\/p>\n<p><strong>Element: ZRAK | Pomen simbola: <\/strong><strong>ZRA\u010cNI ZMAJI<\/strong><\/p>\n<p>Zra\u010dni zmaj prebuja energijo, kin am pomaga zbistriti vpogled, okrepiti navdih in dati polet domi\u0161ljiji. Poziva na\u0161e celotno bitje, naj se za\u010dnemo zana\u0161ati na svoje psihi\u010dne in intelektualne sposobnosti in naj za\u010dnemo mo\u010dneje zaupati svojemu notranjemu glasu.<\/p>\n<p><img loading=\"lazy\" decoding=\"async\" class=\"alignnone wp-image-22785 size-thumbnail\" style=\"text-align: justify;\" src=\"https:\/\/gaialit.com\/wp-content\/uploads\/2020\/11\/Magneti-kvadratni10-150x150.jpg\" alt=\"\" width=\"150\" height=\"150\" srcset=\"https:\/\/gaialit.com\/wp-content\/uploads\/2020\/11\/Magneti-kvadratni10-150x150.jpg 150w, https:\/\/gaialit.com\/wp-content\/uploads\/2020\/11\/Magneti-kvadratni10-300x300.jpg 300w, https:\/\/gaialit.com\/wp-content\/uploads\/2020\/11\/Magneti-kvadratni10-500x500.jpg 500w, https:\/\/gaialit.com\/wp-content\/uploads\/2020\/11\/Magneti-kvadratni10-600x600.jpg 600w, https:\/\/gaialit.com\/wp-content\/uploads\/2020\/11\/Magneti-kvadratni10-100x100.jpg 100w, https:\/\/gaialit.com\/wp-content\/uploads\/2020\/11\/Magneti-kvadratni10.jpg 709w\" sizes=\"(max-width: 150px) 100vw, 150px\" \/><\/p>\n<p><strong>Element: VODA | Pomen simbola: PRETOK<\/strong><\/p>\n<p>Vzorec tega simbola predstavlja ve\u010dni pretok energije. \u010ce ga spremljate s pogledom in potujete z njim v mislih, spodbujate notranje pre\u010di\u0161\u010denje in spro\u017eite ponovno gibanje tam, kjer se je energija morda zataknila. Tok je simbol pre\u010di\u0161\u010devanja in evolucije.<\/p>\n","protected":false},"excerpt":{"rendered":"<ul>\n<li>Izbrani zemeljski elementi na magnetih, cca 60 x 60 mm<\/li>\n<li>Elementi: OGENJ, ZEMLJA, ZRAK, VODA<\/li>\n<li>tisk na magnetni papir<\/li>\n<\/ul>\n<p><strong>PO\u0160TNINA:<\/strong><\/p>\n<ul>\n<li><strong>Slovenija: <\/strong>2.1 \u20ac<\/li>\n<li><strong>ostale dr\u017eave: <\/strong>5.5 \u20ac<\/li>\n<\/ul>\n","protected":false},"featured_media":23578,"template":"","meta":{"site-sidebar-layout":"default","site-content-layout":"","ast-site-content-layout":"default","site-content-style":"default","site-sidebar-style":"default","ast-global-header-display":"","ast-banner-title-visibility":"","ast-main-header-display":"","ast-hfb-above-header-display":"","ast-hfb-below-header-display":"","ast-hfb-mobile-header-display":"","site-post-title":"","ast-breadcrumbs-content":"","ast-featured-img":"","footer-sml-layout":"","ast-disable-related-posts":"","theme-transparent-header-meta":"","adv-header-id-meta":"","stick-header-meta":"","header-above-stick-meta":"","header-main-stick-meta":"","header-below-stick-meta":"","astra-migrate-meta-layouts":"default","ast-page-background-enabled":"default","ast-page-background-meta":{"desktop":{"background-color":"","background-image":"","background-repeat":"repeat","background-position":"center center","background-size":"auto","background-attachment":"scroll","background-type":"","background-media":"","overlay-type":"","overlay-color":"","overlay-opacity":"","overlay-gradient":""},"tablet":{"background-color":"","background-image":"","background-repeat":"repeat","background-position":"center center","background-size":"auto","background-attachment":"scroll","background-type":"","background-media":"","overlay-type":"","overlay-color":"","overlay-opacity":"","overlay-gradient":""},"mobile":{"background-color":"","background-image":"","background-repeat":"repeat","background-position":"center center","background-size":"auto","background-attachment":"scroll","background-type":"","background-media":"","overlay-type":"","overlay-color":"","overlay-opacity":"","overlay-gradient":""}},"ast-content-background-meta":{"desktop":{"background-color":"var(--ast-global-color-5)","background-image":"","background-repeat":"repeat","background-position":"center center","background-size":"auto","background-attachment":"scroll","background-type":"","background-media":"","overlay-type":"","overlay-color":"","overlay-opacity":"","overlay-gradient":""},"tablet":{"background-color":"var(--ast-global-color-5)","background-image":"","background-repeat":"repeat","background-position":"center center","background-size":"auto","background-attachment":"scroll","background-type":"","background-media":"","overlay-type":"","overlay-color":"","overlay-opacity":"","overlay-gradient":""},"mobile":{"background-color":"var(--ast-global-color-5)","background-image":"","background-repeat":"repeat","background-position":"center center","background-size":"auto","background-attachment":"scroll","background-type":"","background-media":"","overlay-type":"","overlay-color":"","overlay-opacity":"","overlay-gradient":""}}},"product_brand":[],"product_cat":[242,180],"product_tag":[125],"class_list":{"0":"post-23577","1":"product","2":"type-product","3":"status-publish","4":"has-post-thumbnail","6":"product_cat-gaialit-magneti","7":"product_cat-vsi-izdelki","8":"product_tag-connected-sl","9":"desktop-align-center","10":"tablet-align-center","11":"mobile-align-center","12":"ast-product-gallery-layout-horizontal-slider","13":"ast-product-gallery-with-no-image","14":"ast-product-tabs-layout-horizontal","16":"first","17":"instock","18":"featured","19":"shipping-taxable","20":"purchasable","21":"product-type-simple"},"yoast_head":"<!-- This site is optimized with the Yoast SEO plugin v27.4 - https:\/\/yoast.com\/product\/yoast-seo-wordpress\/ -->\n<title>Set magnetov &quot;Transformacija&quot; | Gaialit Trgovina, \u0161tirje elementi<\/title>\n<meta name=\"description\" content=\"Komplet magnetov &quot; Transformacija&quot; cca 6 x 6 cm. Elementi: OGENJ, ZEMLJA, ZRAK, VODA, tiskani na magnetni papir.\" \/>\n<meta name=\"robots\" content=\"index, follow, max-snippet:-1, max-image-preview:large, max-video-preview:-1\" \/>\n<link rel=\"canonical\" href=\"https:\/\/gaialit.com\/sl\/product\/set-magnetov-transformacija-gaialit-trgovina-stirje-elementi\/\" \/>\n<meta property=\"og:locale\" content=\"sl_SI\" \/>\n<meta property=\"og:type\" content=\"article\" \/>\n<meta property=\"og:title\" content=\"Set magnetov &quot;Transformacija&quot; | Gaialit Trgovina, \u0161tirje elementi\" \/>\n<meta property=\"og:description\" content=\"Komplet magnetov &quot; Transformacija&quot; cca 6 x 6 cm. Elementi: OGENJ, ZEMLJA, ZRAK, VODA, tiskani na magnetni papir.\" \/>\n<meta property=\"og:url\" content=\"https:\/\/gaialit.com\/sl\/product\/set-magnetov-transformacija-gaialit-trgovina-stirje-elementi\/\" \/>\n<meta property=\"og:site_name\" content=\"Gaialit\" \/>\n<meta property=\"article:modified_time\" content=\"2024-06-27T15:00:05+00:00\" \/>\n<meta property=\"og:image\" content=\"https:\/\/gaialit.com\/wp-content\/uploads\/2020\/11\/Magneti-Edition3-za-splet.jpg\" \/>\n\t<meta property=\"og:image:width\" content=\"1188\" \/>\n\t<meta property=\"og:image:height\" content=\"1188\" \/>\n\t<meta property=\"og:image:type\" content=\"image\/jpeg\" \/>\n<meta name=\"twitter:card\" content=\"summary_large_image\" \/>\n<meta name=\"twitter:label1\" content=\"Est. reading time\" \/>\n\t<meta name=\"twitter:data1\" content=\"1 minuta\" \/>\n<script type=\"application\/ld+json\" class=\"yoast-schema-graph\">{\"@context\":\"https:\\\/\\\/schema.org\",\"@graph\":[{\"@type\":\"WebPage\",\"@id\":\"https:\\\/\\\/gaialit.com\\\/sl\\\/product\\\/set-magnetov-transformacija-gaialit-trgovina-stirje-elementi\\\/\",\"url\":\"https:\\\/\\\/gaialit.com\\\/sl\\\/product\\\/set-magnetov-transformacija-gaialit-trgovina-stirje-elementi\\\/\",\"name\":\"Set magnetov \\\"Transformacija\\\" | Gaialit Trgovina, \u0161tirje elementi\",\"isPartOf\":{\"@id\":\"https:\\\/\\\/gaialit.com\\\/#website\"},\"primaryImageOfPage\":{\"@id\":\"https:\\\/\\\/gaialit.com\\\/sl\\\/product\\\/set-magnetov-transformacija-gaialit-trgovina-stirje-elementi\\\/#primaryimage\"},\"image\":{\"@id\":\"https:\\\/\\\/gaialit.com\\\/sl\\\/product\\\/set-magnetov-transformacija-gaialit-trgovina-stirje-elementi\\\/#primaryimage\"},\"thumbnailUrl\":\"https:\\\/\\\/gaialit.com\\\/wp-content\\\/uploads\\\/2020\\\/11\\\/Magneti-Edition3-za-splet.jpg\",\"datePublished\":\"2020-11-04T19:28:31+00:00\",\"dateModified\":\"2024-06-27T15:00:05+00:00\",\"description\":\"Komplet magnetov \\\" Transformacija\\\" cca 6 x 6 cm. Elementi: OGENJ, ZEMLJA, ZRAK, VODA, tiskani na magnetni papir.\",\"breadcrumb\":{\"@id\":\"https:\\\/\\\/gaialit.com\\\/sl\\\/product\\\/set-magnetov-transformacija-gaialit-trgovina-stirje-elementi\\\/#breadcrumb\"},\"inLanguage\":\"sl-SI\",\"potentialAction\":[{\"@type\":\"ReadAction\",\"target\":[\"https:\\\/\\\/gaialit.com\\\/sl\\\/product\\\/set-magnetov-transformacija-gaialit-trgovina-stirje-elementi\\\/\"]}]},{\"@type\":\"ImageObject\",\"inLanguage\":\"sl-SI\",\"@id\":\"https:\\\/\\\/gaialit.com\\\/sl\\\/product\\\/set-magnetov-transformacija-gaialit-trgovina-stirje-elementi\\\/#primaryimage\",\"url\":\"https:\\\/\\\/gaialit.com\\\/wp-content\\\/uploads\\\/2020\\\/11\\\/Magneti-Edition3-za-splet.jpg\",\"contentUrl\":\"https:\\\/\\\/gaialit.com\\\/wp-content\\\/uploads\\\/2020\\\/11\\\/Magneti-Edition3-za-splet.jpg\",\"width\":1188,\"height\":1188},{\"@type\":\"BreadcrumbList\",\"@id\":\"https:\\\/\\\/gaialit.com\\\/sl\\\/product\\\/set-magnetov-transformacija-gaialit-trgovina-stirje-elementi\\\/#breadcrumb\",\"itemListElement\":[{\"@type\":\"ListItem\",\"position\":1,\"name\":\"Domov\",\"item\":\"https:\\\/\\\/gaialit.com\\\/\"},{\"@type\":\"ListItem\",\"position\":2,\"name\":\"Trgovina\",\"item\":\"https:\\\/\\\/gaialit.com\\\/shop-2\\\/\"},{\"@type\":\"ListItem\",\"position\":3,\"name\":\"Komplet \u0161tirih magnetov &#8220;Transformacija&#8221;\"}]},{\"@type\":\"WebSite\",\"@id\":\"https:\\\/\\\/gaialit.com\\\/#website\",\"url\":\"https:\\\/\\\/gaialit.com\\\/\",\"name\":\"Gaialit\",\"description\":\"personalised gaialit stones, personal growth | Strong connection, earth energies\",\"publisher\":{\"@id\":\"https:\\\/\\\/gaialit.com\\\/#organization\"},\"potentialAction\":[{\"@type\":\"SearchAction\",\"target\":{\"@type\":\"EntryPoint\",\"urlTemplate\":\"https:\\\/\\\/gaialit.com\\\/?s={search_term_string}\"},\"query-input\":{\"@type\":\"PropertyValueSpecification\",\"valueRequired\":true,\"valueName\":\"search_term_string\"}}],\"inLanguage\":\"sl-SI\"},{\"@type\":\"Organization\",\"@id\":\"https:\\\/\\\/gaialit.com\\\/#organization\",\"name\":\"Gaialit\",\"url\":\"https:\\\/\\\/gaialit.com\\\/\",\"logo\":{\"@type\":\"ImageObject\",\"inLanguage\":\"sl-SI\",\"@id\":\"https:\\\/\\\/gaialit.com\\\/#\\\/schema\\\/logo\\\/image\\\/\",\"url\":\"https:\\\/\\\/gaialit.com\\\/wp-content\\\/uploads\\\/2022\\\/03\\\/Gaialit-logo-new.png\",\"contentUrl\":\"https:\\\/\\\/gaialit.com\\\/wp-content\\\/uploads\\\/2022\\\/03\\\/Gaialit-logo-new.png\",\"width\":1339,\"height\":418,\"caption\":\"Gaialit\"},\"image\":{\"@id\":\"https:\\\/\\\/gaialit.com\\\/#\\\/schema\\\/logo\\\/image\\\/\"}}]}<\/script>\n<!-- \/ Yoast SEO plugin. -->","yoast_head_json":{"title":"Set magnetov \"Transformacija\" | Gaialit Trgovina, \u0161tirje elementi","description":"Komplet magnetov \" Transformacija\" cca 6 x 6 cm. Elementi: OGENJ, ZEMLJA, ZRAK, VODA, tiskani na magnetni papir.","robots":{"index":"index","follow":"follow","max-snippet":"max-snippet:-1","max-image-preview":"max-image-preview:large","max-video-preview":"max-video-preview:-1"},"canonical":"https:\/\/gaialit.com\/sl\/product\/set-magnetov-transformacija-gaialit-trgovina-stirje-elementi\/","og_locale":"sl_SI","og_type":"article","og_title":"Set magnetov \"Transformacija\" | Gaialit Trgovina, \u0161tirje elementi","og_description":"Komplet magnetov \" Transformacija\" cca 6 x 6 cm. Elementi: OGENJ, ZEMLJA, ZRAK, VODA, tiskani na magnetni papir.","og_url":"https:\/\/gaialit.com\/sl\/product\/set-magnetov-transformacija-gaialit-trgovina-stirje-elementi\/","og_site_name":"Gaialit","article_modified_time":"2024-06-27T15:00:05+00:00","og_image":[{"width":1188,"height":1188,"url":"https:\/\/gaialit.com\/wp-content\/uploads\/2020\/11\/Magneti-Edition3-za-splet.jpg","type":"image\/jpeg"}],"twitter_card":"summary_large_image","twitter_misc":{"Est. reading time":"1 minuta"},"schema":{"@context":"https:\/\/schema.org","@graph":[{"@type":"WebPage","@id":"https:\/\/gaialit.com\/sl\/product\/set-magnetov-transformacija-gaialit-trgovina-stirje-elementi\/","url":"https:\/\/gaialit.com\/sl\/product\/set-magnetov-transformacija-gaialit-trgovina-stirje-elementi\/","name":"Set magnetov \"Transformacija\" | Gaialit Trgovina, \u0161tirje elementi","isPartOf":{"@id":"https:\/\/gaialit.com\/#website"},"primaryImageOfPage":{"@id":"https:\/\/gaialit.com\/sl\/product\/set-magnetov-transformacija-gaialit-trgovina-stirje-elementi\/#primaryimage"},"image":{"@id":"https:\/\/gaialit.com\/sl\/product\/set-magnetov-transformacija-gaialit-trgovina-stirje-elementi\/#primaryimage"},"thumbnailUrl":"https:\/\/gaialit.com\/wp-content\/uploads\/2020\/11\/Magneti-Edition3-za-splet.jpg","datePublished":"2020-11-04T19:28:31+00:00","dateModified":"2024-06-27T15:00:05+00:00","description":"Komplet magnetov \" Transformacija\" cca 6 x 6 cm. Elementi: OGENJ, ZEMLJA, ZRAK, VODA, tiskani na magnetni papir.","breadcrumb":{"@id":"https:\/\/gaialit.com\/sl\/product\/set-magnetov-transformacija-gaialit-trgovina-stirje-elementi\/#breadcrumb"},"inLanguage":"sl-SI","potentialAction":[{"@type":"ReadAction","target":["https:\/\/gaialit.com\/sl\/product\/set-magnetov-transformacija-gaialit-trgovina-stirje-elementi\/"]}]},{"@type":"ImageObject","inLanguage":"sl-SI","@id":"https:\/\/gaialit.com\/sl\/product\/set-magnetov-transformacija-gaialit-trgovina-stirje-elementi\/#primaryimage","url":"https:\/\/gaialit.com\/wp-content\/uploads\/2020\/11\/Magneti-Edition3-za-splet.jpg","contentUrl":"https:\/\/gaialit.com\/wp-content\/uploads\/2020\/11\/Magneti-Edition3-za-splet.jpg","width":1188,"height":1188},{"@type":"BreadcrumbList","@id":"https:\/\/gaialit.com\/sl\/product\/set-magnetov-transformacija-gaialit-trgovina-stirje-elementi\/#breadcrumb","itemListElement":[{"@type":"ListItem","position":1,"name":"Domov","item":"https:\/\/gaialit.com\/"},{"@type":"ListItem","position":2,"name":"Trgovina","item":"https:\/\/gaialit.com\/shop-2\/"},{"@type":"ListItem","position":3,"name":"Komplet \u0161tirih magnetov &#8220;Transformacija&#8221;"}]},{"@type":"WebSite","@id":"https:\/\/gaialit.com\/#website","url":"https:\/\/gaialit.com\/","name":"Gaialit","description":"personalised gaialit stones, personal growth | Strong connection, earth energies","publisher":{"@id":"https:\/\/gaialit.com\/#organization"},"potentialAction":[{"@type":"SearchAction","target":{"@type":"EntryPoint","urlTemplate":"https:\/\/gaialit.com\/?s={search_term_string}"},"query-input":{"@type":"PropertyValueSpecification","valueRequired":true,"valueName":"search_term_string"}}],"inLanguage":"sl-SI"},{"@type":"Organization","@id":"https:\/\/gaialit.com\/#organization","name":"Gaialit","url":"https:\/\/gaialit.com\/","logo":{"@type":"ImageObject","inLanguage":"sl-SI","@id":"https:\/\/gaialit.com\/#\/schema\/logo\/image\/","url":"https:\/\/gaialit.com\/wp-content\/uploads\/2022\/03\/Gaialit-logo-new.png","contentUrl":"https:\/\/gaialit.com\/wp-content\/uploads\/2022\/03\/Gaialit-logo-new.png","width":1339,"height":418,"caption":"Gaialit"},"image":{"@id":"https:\/\/gaialit.com\/#\/schema\/logo\/image\/"}}]}},"_links":{"self":[{"href":"https:\/\/gaialit.com\/sl\/wp-json\/wp\/v2\/product\/23577","targetHints":{"allow":["GET"]}}],"collection":[{"href":"https:\/\/gaialit.com\/sl\/wp-json\/wp\/v2\/product"}],"about":[{"href":"https:\/\/gaialit.com\/sl\/wp-json\/wp\/v2\/types\/product"}],"wp:featuredmedia":[{"embeddable":true,"href":"https:\/\/gaialit.com\/sl\/wp-json\/wp\/v2\/media\/23578"}],"wp:attachment":[{"href":"https:\/\/gaialit.com\/sl\/wp-json\/wp\/v2\/media?parent=23577"}],"wp:term":[{"taxonomy":"product_brand","embeddable":true,"href":"https:\/\/gaialit.com\/sl\/wp-json\/wp\/v2\/product_brand?post=23577"},{"taxonomy":"product_cat","embeddable":true,"href":"https:\/\/gaialit.com\/sl\/wp-json\/wp\/v2\/product_cat?post=23577"},{"taxonomy":"product_tag","embeddable":true,"href":"https:\/\/gaialit.com\/sl\/wp-json\/wp\/v2\/product_tag?post=23577"}],"curies":[{"name":"wp","href":"https:\/\/api.w.org\/{rel}","templated":true}]}}