{"id":23534,"date":"2020-12-02T18:13:56","date_gmt":"2020-12-02T18:13:56","guid":{"rendered":"https:\/\/gaialit.com\/product\/44-card-deck-oracle-booklet\/"},"modified":"2024-06-27T16:59:59","modified_gmt":"2024-06-27T14:59:59","slug":"komplet-orakeljska-knjizica-s-44-energijskimi-slikami","status":"publish","type":"product","link":"https:\/\/gaialit.com\/sl\/product\/komplet-orakeljska-knjizica-s-44-energijskimi-slikami\/","title":{"rendered":"Orakelj modrosti s tarot kartami &#8211; &#8220;Uglasitev s kvantnim poljem&#8221;"},"content":{"rendered":"<p><strong>Knji\u017eica je v originalu v angle\u0161kem jeziku. \u010ce \u017eelite prevod, to ob naro\u010dilu zapi\u0161ite v opombo in prejeli boste v slovenski jezik prevedeno knji\u017eico v pdf formatu na elektronski naslov, ki ste ga vpisali ob naro\u010dilu.\u00a0<\/strong><\/p>\n<p><strong>Ta edinstveni tarot <\/strong>zdru\u017euje umetni\u0161ko interpretacijo elementarnih energij prek ro\u010dno naslikanih simbolov &#8211; mandal in povezavo le-teh s planetarnimi vplivi preko kvantne astrologije. Zasnovan je tako, da ponuja globok vpogled v va\u0161o osebno usodo in prakti\u010dne odgovore na vsakodnevna vpra\u0161anja, za la\u017eje soo\u010danje z izzivi \u017eivljenja. Komplet je nastal kot rezulat sodelovanja med Danijelom Trstenjakom, avtorjem energijskih mandal Gaialit, in Michelle Kar\u00e9n, M.A., D.F.Astrol.S., Svetovno znano kvantno astrologinjo. <a href=\"https:\/\/gaialit.com\/sl\/kartice\/\">Preberi ve\u010d &#8230;<\/a><\/p>\n<p><strong>Vsebuje<\/strong> knji\u017eico z razlago simolov in 44 tarot kart z energijskimi slikami &#8211; mandalami. Knji\u017eica raz\u0161irja pomen vsake posamezne mandale. Besedilo je razdeljeno na dva dela: na pozitivni vidik in izzive. <strong>Pozitivni vidik<\/strong> ponuja globoke uvide glede zastavljenega vpra\u0161anja in predlaga stali\u0161\u010de, ki ga je treba sprejeti za najbolj\u0161i mo\u017eni rezultat. <strong>Izzivi<\/strong> opozarjajo na pasti, da bi jih lahko spremenili ali se jim popolnoma izognili.<\/p>\n<p><strong>Energijske mandale:<\/strong> Odra\u017eajo zelo specifi\u010dno frekvenco. Umetni\u0161ko naslikane na prodnikih predstavljajo hkrati orodje za preobrazbo in vizualni impulz za povezavo s to frekvenco.<\/p>\n<p><strong>Globoko razumevanje:<\/strong> V prilo\u017eeni knji\u017eici so poleg energijske interpretacije opisani tudi \u0161tevilni na\u010dini uporabe. Predhodno astrolo\u0161ko znanje ni potrebno. Vsebina knji\u017eice raz\u0161irja pomen vsake posamezne slike in aktivira na\u0161o ve\u010ddimenzionalno zavest. Edinstvena pisna interpretacija specifi\u010dnih energij prina\u0161a nova, globlja spoznanja.<\/p>\n<p>Komplet tarot kart &#8220;Attuning to the Quantum&#8221; se lahko uporablja za vpogled v trenutne energijske vplive in kot orodje za poglobljeno delo in osebno rast.<\/p>\n<div id=\"description-text\" style=\"text-align: justify;\">\n<p>&nbsp;<\/p>\n<\/div>\n<p>&nbsp;<\/p>\n","protected":false},"excerpt":{"rendered":"<p><strong>Knji\u017eica je v originalu v angle\u0161kem jeziku. \u010ce \u017eelite prevod, to ob naro\u010dilu zapi\u0161ite v opombo in prejeli boste v slovenski jezik prevedeno knji\u017eico v pdf formatu na elektronski naslov, ki ste ga vpisali ob naro\u010dilu.\u00a0<\/strong><\/p>\n<p>Bro\u0161ura 112 strani, 44 tarot kart z energijskimi slikami &#8211; mandalami in \u0161katla z dvema izrezoma na robovih pokrova za la\u017eje odpiranje. Energija je interpretirana skozi:<\/p>\n<ul>\n<li>4 elemente (ogenj, zemlja, zrak, voda)<\/li>\n<li>4 x 10 nebesnih teles (Sonce, Luna, Merkur, Venera, Mars, Jupiter, Saturn, Uran, Neptun in Pluton) v vseh Elementih (Ogenj, Zemlja, Zrak, Voda)<\/li>\n<\/ul>\n<p>&nbsp;<\/p>\n<p><strong>PO\u0160TNINA:<\/strong><\/p>\n<ul>\n<li><strong>Slovenija: <\/strong>3,50 \u20ac.<\/li>\n<\/ul>\n","protected":false},"featured_media":24409,"template":"","meta":{"site-sidebar-layout":"default","site-content-layout":"default","ast-site-content-layout":"default","site-content-style":"default","site-sidebar-style":"default","ast-global-header-display":"","ast-banner-title-visibility":"","ast-main-header-display":"","ast-hfb-above-header-display":"","ast-hfb-below-header-display":"","ast-hfb-mobile-header-display":"","site-post-title":"","ast-breadcrumbs-content":"","ast-featured-img":"","footer-sml-layout":"","ast-disable-related-posts":"","theme-transparent-header-meta":"default","adv-header-id-meta":"","stick-header-meta":"default","header-above-stick-meta":"","header-main-stick-meta":"","header-below-stick-meta":"","astra-migrate-meta-layouts":"default","ast-page-background-enabled":"default","ast-page-background-meta":{"desktop":{"background-color":"","background-image":"","background-repeat":"repeat","background-position":"center center","background-size":"auto","background-attachment":"scroll","background-type":"","background-media":"","overlay-type":"","overlay-color":"","overlay-opacity":"","overlay-gradient":""},"tablet":{"background-color":"","background-image":"","background-repeat":"repeat","background-position":"center center","background-size":"auto","background-attachment":"scroll","background-type":"","background-media":"","overlay-type":"","overlay-color":"","overlay-opacity":"","overlay-gradient":""},"mobile":{"background-color":"","background-image":"","background-repeat":"repeat","background-position":"center center","background-size":"auto","background-attachment":"scroll","background-type":"","background-media":"","overlay-type":"","overlay-color":"","overlay-opacity":"","overlay-gradient":""}},"ast-content-background-meta":{"desktop":{"background-color":"var(--ast-global-color-5)","background-image":"","background-repeat":"repeat","background-position":"center center","background-size":"auto","background-attachment":"scroll","background-type":"","background-media":"","overlay-type":"","overlay-color":"","overlay-opacity":"","overlay-gradient":""},"tablet":{"background-color":"var(--ast-global-color-5)","background-image":"","background-repeat":"repeat","background-position":"center center","background-size":"auto","background-attachment":"scroll","background-type":"","background-media":"","overlay-type":"","overlay-color":"","overlay-opacity":"","overlay-gradient":""},"mobile":{"background-color":"var(--ast-global-color-5)","background-image":"","background-repeat":"repeat","background-position":"center center","background-size":"auto","background-attachment":"scroll","background-type":"","background-media":"","overlay-type":"","overlay-color":"","overlay-opacity":"","overlay-gradient":""}}},"product_brand":[],"product_cat":[252,180],"product_tag":[125],"class_list":{"0":"post-23534","1":"product","2":"type-product","3":"status-publish","4":"has-post-thumbnail","6":"product_cat-orakelj-modrosti-s-tarot-kartami","7":"product_cat-vsi-izdelki","8":"product_tag-connected-sl","9":"desktop-align-center","10":"tablet-align-center","11":"mobile-align-center","12":"ast-product-gallery-layout-horizontal-slider","13":"ast-product-tabs-layout-horizontal","15":"first","16":"instock","17":"featured","18":"shipping-taxable","19":"purchasable","20":"product-type-simple"},"yoast_head":"<!-- This site is optimized with the Yoast SEO plugin v27.6 - https:\/\/yoast.com\/product\/yoast-seo-wordpress\/ -->\n<title>Attuning to the quantum - orakeljski komplet, Gaialit trgovina<\/title>\n<meta name=\"description\" content=\"Edinstven komplet, knji\u017eica, 44 energijskih slik, fuzija kozmi\u010dnih in elementarnih energij. Vodstvo planetov v elementarnih energijah. Kliknite tukaj.\" \/>\n<meta name=\"robots\" content=\"index, follow, max-snippet:-1, max-image-preview:large, max-video-preview:-1\" \/>\n<link rel=\"canonical\" href=\"https:\/\/gaialit.com\/sl\/product\/komplet-orakeljska-knjizica-s-44-energijskimi-slikami\/\" \/>\n<meta property=\"og:locale\" content=\"sl_SI\" \/>\n<meta property=\"og:type\" content=\"article\" \/>\n<meta property=\"og:title\" content=\"Attuning to the quantum - orakeljski komplet, Gaialit trgovina\" \/>\n<meta property=\"og:description\" content=\"Edinstven komplet, knji\u017eica, 44 energijskih slik, fuzija kozmi\u010dnih in elementarnih energij. Vodstvo planetov v elementarnih energijah. Kliknite tukaj.\" \/>\n<meta property=\"og:url\" content=\"https:\/\/gaialit.com\/sl\/product\/komplet-orakeljska-knjizica-s-44-energijskimi-slikami\/\" \/>\n<meta property=\"og:site_name\" content=\"Gaialit\" \/>\n<meta property=\"article:modified_time\" content=\"2024-06-27T14:59:59+00:00\" \/>\n<meta property=\"og:image\" content=\"https:\/\/gaialit.com\/wp-content\/uploads\/2020\/12\/KARTE-S-KNJIZICO.jpg\" \/>\n\t<meta property=\"og:image:width\" content=\"1200\" \/>\n\t<meta property=\"og:image:height\" content=\"1028\" \/>\n\t<meta property=\"og:image:type\" content=\"image\/jpeg\" \/>\n<meta name=\"twitter:card\" content=\"summary_large_image\" \/>\n<meta name=\"twitter:label1\" content=\"Est. reading time\" \/>\n\t<meta name=\"twitter:data1\" content=\"2 minuti\" \/>\n<script type=\"application\/ld+json\" class=\"yoast-schema-graph\">{\"@context\":\"https:\\\/\\\/schema.org\",\"@graph\":[{\"@type\":\"WebPage\",\"@id\":\"https:\\\/\\\/gaialit.com\\\/sl\\\/product\\\/komplet-orakeljska-knjizica-s-44-energijskimi-slikami\\\/\",\"url\":\"https:\\\/\\\/gaialit.com\\\/sl\\\/product\\\/komplet-orakeljska-knjizica-s-44-energijskimi-slikami\\\/\",\"name\":\"Attuning to the quantum - orakeljski komplet, Gaialit trgovina\",\"isPartOf\":{\"@id\":\"https:\\\/\\\/gaialit.com\\\/#website\"},\"primaryImageOfPage\":{\"@id\":\"https:\\\/\\\/gaialit.com\\\/sl\\\/product\\\/komplet-orakeljska-knjizica-s-44-energijskimi-slikami\\\/#primaryimage\"},\"image\":{\"@id\":\"https:\\\/\\\/gaialit.com\\\/sl\\\/product\\\/komplet-orakeljska-knjizica-s-44-energijskimi-slikami\\\/#primaryimage\"},\"thumbnailUrl\":\"https:\\\/\\\/gaialit.com\\\/wp-content\\\/uploads\\\/2020\\\/12\\\/KARTE-S-KNJIZICO.jpg\",\"datePublished\":\"2020-12-02T18:13:56+00:00\",\"dateModified\":\"2024-06-27T14:59:59+00:00\",\"description\":\"Edinstven komplet, knji\u017eica, 44 energijskih slik, fuzija kozmi\u010dnih in elementarnih energij. Vodstvo planetov v elementarnih energijah. Kliknite tukaj.\",\"breadcrumb\":{\"@id\":\"https:\\\/\\\/gaialit.com\\\/sl\\\/product\\\/komplet-orakeljska-knjizica-s-44-energijskimi-slikami\\\/#breadcrumb\"},\"inLanguage\":\"sl-SI\",\"potentialAction\":[{\"@type\":\"ReadAction\",\"target\":[\"https:\\\/\\\/gaialit.com\\\/sl\\\/product\\\/komplet-orakeljska-knjizica-s-44-energijskimi-slikami\\\/\"]}]},{\"@type\":\"ImageObject\",\"inLanguage\":\"sl-SI\",\"@id\":\"https:\\\/\\\/gaialit.com\\\/sl\\\/product\\\/komplet-orakeljska-knjizica-s-44-energijskimi-slikami\\\/#primaryimage\",\"url\":\"https:\\\/\\\/gaialit.com\\\/wp-content\\\/uploads\\\/2020\\\/12\\\/KARTE-S-KNJIZICO.jpg\",\"contentUrl\":\"https:\\\/\\\/gaialit.com\\\/wp-content\\\/uploads\\\/2020\\\/12\\\/KARTE-S-KNJIZICO.jpg\",\"width\":1200,\"height\":1028},{\"@type\":\"BreadcrumbList\",\"@id\":\"https:\\\/\\\/gaialit.com\\\/sl\\\/product\\\/komplet-orakeljska-knjizica-s-44-energijskimi-slikami\\\/#breadcrumb\",\"itemListElement\":[{\"@type\":\"ListItem\",\"position\":1,\"name\":\"Domov\",\"item\":\"https:\\\/\\\/gaialit.com\\\/\"},{\"@type\":\"ListItem\",\"position\":2,\"name\":\"Trgovina\",\"item\":\"https:\\\/\\\/gaialit.com\\\/shop-2\\\/\"},{\"@type\":\"ListItem\",\"position\":3,\"name\":\"Orakelj modrosti s tarot kartami &#8211; &#8220;Uglasitev s kvantnim poljem&#8221;\"}]},{\"@type\":\"WebSite\",\"@id\":\"https:\\\/\\\/gaialit.com\\\/#website\",\"url\":\"https:\\\/\\\/gaialit.com\\\/\",\"name\":\"Gaialit\",\"description\":\"personalised gaialit stones, personal growth | Strong connection, earth energies\",\"publisher\":{\"@id\":\"https:\\\/\\\/gaialit.com\\\/#organization\"},\"potentialAction\":[{\"@type\":\"SearchAction\",\"target\":{\"@type\":\"EntryPoint\",\"urlTemplate\":\"https:\\\/\\\/gaialit.com\\\/?s={search_term_string}\"},\"query-input\":{\"@type\":\"PropertyValueSpecification\",\"valueRequired\":true,\"valueName\":\"search_term_string\"}}],\"inLanguage\":\"sl-SI\"},{\"@type\":\"Organization\",\"@id\":\"https:\\\/\\\/gaialit.com\\\/#organization\",\"name\":\"Gaialit\",\"url\":\"https:\\\/\\\/gaialit.com\\\/\",\"logo\":{\"@type\":\"ImageObject\",\"inLanguage\":\"sl-SI\",\"@id\":\"https:\\\/\\\/gaialit.com\\\/#\\\/schema\\\/logo\\\/image\\\/\",\"url\":\"https:\\\/\\\/gaialit.com\\\/wp-content\\\/uploads\\\/2022\\\/03\\\/Gaialit-logo-new.png\",\"contentUrl\":\"https:\\\/\\\/gaialit.com\\\/wp-content\\\/uploads\\\/2022\\\/03\\\/Gaialit-logo-new.png\",\"width\":1339,\"height\":418,\"caption\":\"Gaialit\"},\"image\":{\"@id\":\"https:\\\/\\\/gaialit.com\\\/#\\\/schema\\\/logo\\\/image\\\/\"}}]}<\/script>\n<!-- \/ Yoast SEO plugin. -->","yoast_head_json":{"title":"Attuning to the quantum - orakeljski komplet, Gaialit trgovina","description":"Edinstven komplet, knji\u017eica, 44 energijskih slik, fuzija kozmi\u010dnih in elementarnih energij. Vodstvo planetov v elementarnih energijah. Kliknite tukaj.","robots":{"index":"index","follow":"follow","max-snippet":"max-snippet:-1","max-image-preview":"max-image-preview:large","max-video-preview":"max-video-preview:-1"},"canonical":"https:\/\/gaialit.com\/sl\/product\/komplet-orakeljska-knjizica-s-44-energijskimi-slikami\/","og_locale":"sl_SI","og_type":"article","og_title":"Attuning to the quantum - orakeljski komplet, Gaialit trgovina","og_description":"Edinstven komplet, knji\u017eica, 44 energijskih slik, fuzija kozmi\u010dnih in elementarnih energij. Vodstvo planetov v elementarnih energijah. Kliknite tukaj.","og_url":"https:\/\/gaialit.com\/sl\/product\/komplet-orakeljska-knjizica-s-44-energijskimi-slikami\/","og_site_name":"Gaialit","article_modified_time":"2024-06-27T14:59:59+00:00","og_image":[{"width":1200,"height":1028,"url":"https:\/\/gaialit.com\/wp-content\/uploads\/2020\/12\/KARTE-S-KNJIZICO.jpg","type":"image\/jpeg"}],"twitter_card":"summary_large_image","twitter_misc":{"Est. reading time":"2 minuti"},"schema":{"@context":"https:\/\/schema.org","@graph":[{"@type":"WebPage","@id":"https:\/\/gaialit.com\/sl\/product\/komplet-orakeljska-knjizica-s-44-energijskimi-slikami\/","url":"https:\/\/gaialit.com\/sl\/product\/komplet-orakeljska-knjizica-s-44-energijskimi-slikami\/","name":"Attuning to the quantum - orakeljski komplet, Gaialit trgovina","isPartOf":{"@id":"https:\/\/gaialit.com\/#website"},"primaryImageOfPage":{"@id":"https:\/\/gaialit.com\/sl\/product\/komplet-orakeljska-knjizica-s-44-energijskimi-slikami\/#primaryimage"},"image":{"@id":"https:\/\/gaialit.com\/sl\/product\/komplet-orakeljska-knjizica-s-44-energijskimi-slikami\/#primaryimage"},"thumbnailUrl":"https:\/\/gaialit.com\/wp-content\/uploads\/2020\/12\/KARTE-S-KNJIZICO.jpg","datePublished":"2020-12-02T18:13:56+00:00","dateModified":"2024-06-27T14:59:59+00:00","description":"Edinstven komplet, knji\u017eica, 44 energijskih slik, fuzija kozmi\u010dnih in elementarnih energij. Vodstvo planetov v elementarnih energijah. Kliknite tukaj.","breadcrumb":{"@id":"https:\/\/gaialit.com\/sl\/product\/komplet-orakeljska-knjizica-s-44-energijskimi-slikami\/#breadcrumb"},"inLanguage":"sl-SI","potentialAction":[{"@type":"ReadAction","target":["https:\/\/gaialit.com\/sl\/product\/komplet-orakeljska-knjizica-s-44-energijskimi-slikami\/"]}]},{"@type":"ImageObject","inLanguage":"sl-SI","@id":"https:\/\/gaialit.com\/sl\/product\/komplet-orakeljska-knjizica-s-44-energijskimi-slikami\/#primaryimage","url":"https:\/\/gaialit.com\/wp-content\/uploads\/2020\/12\/KARTE-S-KNJIZICO.jpg","contentUrl":"https:\/\/gaialit.com\/wp-content\/uploads\/2020\/12\/KARTE-S-KNJIZICO.jpg","width":1200,"height":1028},{"@type":"BreadcrumbList","@id":"https:\/\/gaialit.com\/sl\/product\/komplet-orakeljska-knjizica-s-44-energijskimi-slikami\/#breadcrumb","itemListElement":[{"@type":"ListItem","position":1,"name":"Domov","item":"https:\/\/gaialit.com\/"},{"@type":"ListItem","position":2,"name":"Trgovina","item":"https:\/\/gaialit.com\/shop-2\/"},{"@type":"ListItem","position":3,"name":"Orakelj modrosti s tarot kartami &#8211; &#8220;Uglasitev s kvantnim poljem&#8221;"}]},{"@type":"WebSite","@id":"https:\/\/gaialit.com\/#website","url":"https:\/\/gaialit.com\/","name":"Gaialit","description":"personalised gaialit stones, personal growth | Strong connection, earth energies","publisher":{"@id":"https:\/\/gaialit.com\/#organization"},"potentialAction":[{"@type":"SearchAction","target":{"@type":"EntryPoint","urlTemplate":"https:\/\/gaialit.com\/?s={search_term_string}"},"query-input":{"@type":"PropertyValueSpecification","valueRequired":true,"valueName":"search_term_string"}}],"inLanguage":"sl-SI"},{"@type":"Organization","@id":"https:\/\/gaialit.com\/#organization","name":"Gaialit","url":"https:\/\/gaialit.com\/","logo":{"@type":"ImageObject","inLanguage":"sl-SI","@id":"https:\/\/gaialit.com\/#\/schema\/logo\/image\/","url":"https:\/\/gaialit.com\/wp-content\/uploads\/2022\/03\/Gaialit-logo-new.png","contentUrl":"https:\/\/gaialit.com\/wp-content\/uploads\/2022\/03\/Gaialit-logo-new.png","width":1339,"height":418,"caption":"Gaialit"},"image":{"@id":"https:\/\/gaialit.com\/#\/schema\/logo\/image\/"}}]}},"_links":{"self":[{"href":"https:\/\/gaialit.com\/sl\/wp-json\/wp\/v2\/product\/23534","targetHints":{"allow":["GET"]}}],"collection":[{"href":"https:\/\/gaialit.com\/sl\/wp-json\/wp\/v2\/product"}],"about":[{"href":"https:\/\/gaialit.com\/sl\/wp-json\/wp\/v2\/types\/product"}],"wp:featuredmedia":[{"embeddable":true,"href":"https:\/\/gaialit.com\/sl\/wp-json\/wp\/v2\/media\/24409"}],"wp:attachment":[{"href":"https:\/\/gaialit.com\/sl\/wp-json\/wp\/v2\/media?parent=23534"}],"wp:term":[{"taxonomy":"product_brand","embeddable":true,"href":"https:\/\/gaialit.com\/sl\/wp-json\/wp\/v2\/product_brand?post=23534"},{"taxonomy":"product_cat","embeddable":true,"href":"https:\/\/gaialit.com\/sl\/wp-json\/wp\/v2\/product_cat?post=23534"},{"taxonomy":"product_tag","embeddable":true,"href":"https:\/\/gaialit.com\/sl\/wp-json\/wp\/v2\/product_tag?post=23534"}],"curies":[{"name":"wp","href":"https:\/\/api.w.org\/{rel}","templated":true}]}}