{"id":29408,"date":"2022-03-14T12:38:44","date_gmt":"2022-03-14T11:38:44","guid":{"rendered":"https:\/\/gaialit.com\/postnina\/"},"modified":"2022-03-14T12:38:44","modified_gmt":"2022-03-14T11:38:44","slug":"postnina","status":"publish","type":"page","link":"https:\/\/gaialit.com\/sl\/postnina\/","title":{"rendered":"Po\u0161tnina"},"content":{"rendered":"\n<p>S po\u0161to Slovenije lahko po\u0161iljamo v naslednje dr\u017eave:&#13;\nAustralia, Austria, Belgium, Belarus, Brazil, Cyprus, Czech Republic, Chile, Denmark, Egypt, Estonia, Finland, France, Greece, Hong Kong, Croatia, Indonesia, Ireland, Iceland, Italy, Israel, Japan, South Korea, Canada, China, Latvia, Lithuania, Luxembourg, Hungary, Malaysia, Malta, Mexico, Germany, Netherlands, Norway, New Zealand, Poland, Saudi Arabia, Singapore, Slovakia, Slovenia, Serbia, Spain, Sweden, Switzerland, Turkey, USA, United Kingdom<\/p>\n","protected":false},"excerpt":{"rendered":"<p>S po\u0161to Slovenije lahko po\u0161iljamo v naslednje dr\u017eave:&#13; Australia, Austria, Belgium, Belarus, Brazil, Cyprus, Czech Republic, Chile, Denmark, Egypt, Estonia, Finland, France, Greece, Hong Kong, Croatia, Indonesia, Ireland, Iceland, Italy, Israel, Japan, South Korea, Canada, China, Latvia, Lithuania, Luxembourg, Hungary, Malaysia, Malta, Mexico, Germany, Netherlands, Norway, New Zealand, Poland, Saudi Arabia, Singapore, Slovakia, Slovenia, Serbia, [&hellip;]<\/p>\n","protected":false},"author":10,"featured_media":0,"parent":0,"menu_order":0,"comment_status":"closed","ping_status":"closed","template":"","meta":{"site-sidebar-layout":"default","site-content-layout":"","ast-site-content-layout":"default","site-content-style":"default","site-sidebar-style":"default","ast-global-header-display":"","ast-banner-title-visibility":"","ast-main-header-display":"","ast-hfb-above-header-display":"","ast-hfb-below-header-display":"","ast-hfb-mobile-header-display":"","site-post-title":"","ast-breadcrumbs-content":"","ast-featured-img":"","footer-sml-layout":"","ast-disable-related-posts":"","theme-transparent-header-meta":"","adv-header-id-meta":"","stick-header-meta":"","header-above-stick-meta":"","header-main-stick-meta":"","header-below-stick-meta":"","astra-migrate-meta-layouts":"default","ast-page-background-enabled":"default","ast-page-background-meta":{"desktop":{"background-color":"","background-image":"","background-repeat":"repeat","background-position":"center center","background-size":"auto","background-attachment":"scroll","background-type":"","background-media":"","overlay-type":"","overlay-color":"","overlay-opacity":"","overlay-gradient":""},"tablet":{"background-color":"","background-image":"","background-repeat":"repeat","background-position":"center center","background-size":"auto","background-attachment":"scroll","background-type":"","background-media":"","overlay-type":"","overlay-color":"","overlay-opacity":"","overlay-gradient":""},"mobile":{"background-color":"","background-image":"","background-repeat":"repeat","background-position":"center center","background-size":"auto","background-attachment":"scroll","background-type":"","background-media":"","overlay-type":"","overlay-color":"","overlay-opacity":"","overlay-gradient":""}},"ast-content-background-meta":{"desktop":{"background-color":"var(--ast-global-color-5)","background-image":"","background-repeat":"repeat","background-position":"center center","background-size":"auto","background-attachment":"scroll","background-type":"","background-media":"","overlay-type":"","overlay-color":"","overlay-opacity":"","overlay-gradient":""},"tablet":{"background-color":"var(--ast-global-color-5)","background-image":"","background-repeat":"repeat","background-position":"center center","background-size":"auto","background-attachment":"scroll","background-type":"","background-media":"","overlay-type":"","overlay-color":"","overlay-opacity":"","overlay-gradient":""},"mobile":{"background-color":"var(--ast-global-color-5)","background-image":"","background-repeat":"repeat","background-position":"center center","background-size":"auto","background-attachment":"scroll","background-type":"","background-media":"","overlay-type":"","overlay-color":"","overlay-opacity":"","overlay-gradient":""}},"footnotes":""},"class_list":["post-29408","page","type-page","status-publish","hentry"],"yoast_head":"<!-- This site is optimized with the Yoast SEO plugin v27.6 - https:\/\/yoast.com\/product\/yoast-seo-wordpress\/ -->\n<title>Po\u0161tnina - Gaialit<\/title>\n<meta name=\"robots\" content=\"index, follow, max-snippet:-1, max-image-preview:large, max-video-preview:-1\" \/>\n<link rel=\"canonical\" href=\"https:\/\/gaialit.com\/postnina\/\" \/>\n<meta property=\"og:locale\" content=\"sl_SI\" \/>\n<meta property=\"og:type\" content=\"article\" \/>\n<meta property=\"og:title\" content=\"Po\u0161tnina - Gaialit\" \/>\n<meta property=\"og:description\" content=\"S po\u0161to Slovenije lahko po\u0161iljamo v naslednje dr\u017eave:&#013; Australia, Austria, Belgium, Belarus, Brazil, Cyprus, Czech Republic, Chile, Denmark, Egypt, Estonia, Finland, France, Greece, Hong Kong, Croatia, Indonesia, Ireland, Iceland, Italy, Israel, Japan, South Korea, Canada, China, Latvia, Lithuania, Luxembourg, Hungary, Malaysia, Malta, Mexico, Germany, Netherlands, Norway, New Zealand, Poland, Saudi Arabia, Singapore, Slovakia, Slovenia, Serbia, [&hellip;]\" \/>\n<meta property=\"og:url\" content=\"https:\/\/gaialit.com\/postnina\/\" \/>\n<meta property=\"og:site_name\" content=\"Gaialit\" \/>\n<meta name=\"twitter:card\" content=\"summary_large_image\" \/>\n<script type=\"application\/ld+json\" class=\"yoast-schema-graph\">{\"@context\":\"https:\\\/\\\/schema.org\",\"@graph\":[{\"@type\":\"WebPage\",\"@id\":\"https:\\\/\\\/gaialit.com\\\/postnina\\\/\",\"url\":\"https:\\\/\\\/gaialit.com\\\/postnina\\\/\",\"name\":\"Po\u0161tnina - Gaialit\",\"isPartOf\":{\"@id\":\"https:\\\/\\\/gaialit.com\\\/#website\"},\"datePublished\":\"2022-03-14T11:38:44+00:00\",\"breadcrumb\":{\"@id\":\"https:\\\/\\\/gaialit.com\\\/postnina\\\/#breadcrumb\"},\"inLanguage\":\"sl-SI\",\"potentialAction\":[{\"@type\":\"ReadAction\",\"target\":[\"https:\\\/\\\/gaialit.com\\\/postnina\\\/\"]}]},{\"@type\":\"BreadcrumbList\",\"@id\":\"https:\\\/\\\/gaialit.com\\\/postnina\\\/#breadcrumb\",\"itemListElement\":[{\"@type\":\"ListItem\",\"position\":1,\"name\":\"Domov\",\"item\":\"https:\\\/\\\/gaialit.com\\\/\"},{\"@type\":\"ListItem\",\"position\":2,\"name\":\"Po\u0161tnina\"}]},{\"@type\":\"WebSite\",\"@id\":\"https:\\\/\\\/gaialit.com\\\/#website\",\"url\":\"https:\\\/\\\/gaialit.com\\\/\",\"name\":\"Gaialit\",\"description\":\"personalised gaialit stones, personal growth | Strong connection, earth energies\",\"publisher\":{\"@id\":\"https:\\\/\\\/gaialit.com\\\/#organization\"},\"potentialAction\":[{\"@type\":\"SearchAction\",\"target\":{\"@type\":\"EntryPoint\",\"urlTemplate\":\"https:\\\/\\\/gaialit.com\\\/?s={search_term_string}\"},\"query-input\":{\"@type\":\"PropertyValueSpecification\",\"valueRequired\":true,\"valueName\":\"search_term_string\"}}],\"inLanguage\":\"sl-SI\"},{\"@type\":\"Organization\",\"@id\":\"https:\\\/\\\/gaialit.com\\\/#organization\",\"name\":\"Gaialit\",\"url\":\"https:\\\/\\\/gaialit.com\\\/\",\"logo\":{\"@type\":\"ImageObject\",\"inLanguage\":\"sl-SI\",\"@id\":\"https:\\\/\\\/gaialit.com\\\/#\\\/schema\\\/logo\\\/image\\\/\",\"url\":\"https:\\\/\\\/gaialit.com\\\/wp-content\\\/uploads\\\/2022\\\/03\\\/Gaialit-logo-new.png\",\"contentUrl\":\"https:\\\/\\\/gaialit.com\\\/wp-content\\\/uploads\\\/2022\\\/03\\\/Gaialit-logo-new.png\",\"width\":1339,\"height\":418,\"caption\":\"Gaialit\"},\"image\":{\"@id\":\"https:\\\/\\\/gaialit.com\\\/#\\\/schema\\\/logo\\\/image\\\/\"}}]}<\/script>\n<!-- \/ Yoast SEO plugin. -->","yoast_head_json":{"title":"Po\u0161tnina - Gaialit","robots":{"index":"index","follow":"follow","max-snippet":"max-snippet:-1","max-image-preview":"max-image-preview:large","max-video-preview":"max-video-preview:-1"},"canonical":"https:\/\/gaialit.com\/postnina\/","og_locale":"sl_SI","og_type":"article","og_title":"Po\u0161tnina - Gaialit","og_description":"S po\u0161to Slovenije lahko po\u0161iljamo v naslednje dr\u017eave:&#13; Australia, Austria, Belgium, Belarus, Brazil, Cyprus, Czech Republic, Chile, Denmark, Egypt, Estonia, Finland, France, Greece, Hong Kong, Croatia, Indonesia, Ireland, Iceland, Italy, Israel, Japan, South Korea, Canada, China, Latvia, Lithuania, Luxembourg, Hungary, Malaysia, Malta, Mexico, Germany, Netherlands, Norway, New Zealand, Poland, Saudi Arabia, Singapore, Slovakia, Slovenia, Serbia, [&hellip;]","og_url":"https:\/\/gaialit.com\/postnina\/","og_site_name":"Gaialit","twitter_card":"summary_large_image","schema":{"@context":"https:\/\/schema.org","@graph":[{"@type":"WebPage","@id":"https:\/\/gaialit.com\/postnina\/","url":"https:\/\/gaialit.com\/postnina\/","name":"Po\u0161tnina - Gaialit","isPartOf":{"@id":"https:\/\/gaialit.com\/#website"},"datePublished":"2022-03-14T11:38:44+00:00","breadcrumb":{"@id":"https:\/\/gaialit.com\/postnina\/#breadcrumb"},"inLanguage":"sl-SI","potentialAction":[{"@type":"ReadAction","target":["https:\/\/gaialit.com\/postnina\/"]}]},{"@type":"BreadcrumbList","@id":"https:\/\/gaialit.com\/postnina\/#breadcrumb","itemListElement":[{"@type":"ListItem","position":1,"name":"Domov","item":"https:\/\/gaialit.com\/"},{"@type":"ListItem","position":2,"name":"Po\u0161tnina"}]},{"@type":"WebSite","@id":"https:\/\/gaialit.com\/#website","url":"https:\/\/gaialit.com\/","name":"Gaialit","description":"personalised gaialit stones, personal growth | Strong connection, earth energies","publisher":{"@id":"https:\/\/gaialit.com\/#organization"},"potentialAction":[{"@type":"SearchAction","target":{"@type":"EntryPoint","urlTemplate":"https:\/\/gaialit.com\/?s={search_term_string}"},"query-input":{"@type":"PropertyValueSpecification","valueRequired":true,"valueName":"search_term_string"}}],"inLanguage":"sl-SI"},{"@type":"Organization","@id":"https:\/\/gaialit.com\/#organization","name":"Gaialit","url":"https:\/\/gaialit.com\/","logo":{"@type":"ImageObject","inLanguage":"sl-SI","@id":"https:\/\/gaialit.com\/#\/schema\/logo\/image\/","url":"https:\/\/gaialit.com\/wp-content\/uploads\/2022\/03\/Gaialit-logo-new.png","contentUrl":"https:\/\/gaialit.com\/wp-content\/uploads\/2022\/03\/Gaialit-logo-new.png","width":1339,"height":418,"caption":"Gaialit"},"image":{"@id":"https:\/\/gaialit.com\/#\/schema\/logo\/image\/"}}]}},"_links":{"self":[{"href":"https:\/\/gaialit.com\/sl\/wp-json\/wp\/v2\/pages\/29408","targetHints":{"allow":["GET"]}}],"collection":[{"href":"https:\/\/gaialit.com\/sl\/wp-json\/wp\/v2\/pages"}],"about":[{"href":"https:\/\/gaialit.com\/sl\/wp-json\/wp\/v2\/types\/page"}],"author":[{"embeddable":true,"href":"https:\/\/gaialit.com\/sl\/wp-json\/wp\/v2\/users\/10"}],"replies":[{"embeddable":true,"href":"https:\/\/gaialit.com\/sl\/wp-json\/wp\/v2\/comments?post=29408"}],"version-history":[{"count":1,"href":"https:\/\/gaialit.com\/sl\/wp-json\/wp\/v2\/pages\/29408\/revisions"}],"predecessor-version":[{"id":29409,"href":"https:\/\/gaialit.com\/sl\/wp-json\/wp\/v2\/pages\/29408\/revisions\/29409"}],"wp:attachment":[{"href":"https:\/\/gaialit.com\/sl\/wp-json\/wp\/v2\/media?parent=29408"}],"curies":[{"name":"wp","href":"https:\/\/api.w.org\/{rel}","templated":true}]}}